
{"id":30487,"date":"2018-01-15T12:58:15","date_gmt":"2018-01-15T11:58:15","guid":{"rendered":"https:\/\/camilledelbos.com\/photography\/?page_id=30487"},"modified":"2018-03-19T18:11:56","modified_gmt":"2018-03-19T17:11:56","slug":"faq-tirages","status":"publish","type":"page","link":"https:\/\/camilledelbos.com\/photography\/faq-tirages\/","title":{"rendered":"FAQ Tirages"},"content":{"rendered":"<p>[et_pb_section bb_built=&#8221;1&#8243; _builder_version=&#8221;3.0.86&#8243;][et_pb_row _builder_version=&#8221;3.0.86&#8243;][et_pb_column type=&#8221;4_4&#8243;][et_pb_text _builder_version=&#8221;3.0.86&#8243; background_layout=&#8221;light&#8221;]<\/p>\n<h1>Question fr\u00e9quentes pour l&#8217;achat de tirages<\/h1>\n<p>&nbsp;<\/p>\n<p>Cliquez sur la section souhait\u00e9 pour afficher l&#8217;explication. N&#8217;h\u00e9sitez pas \u00e0 <a href=\"mailto:hello@camilledelbos.com\">me contacter<\/a> pour toute h\u00e9sitation ou pour toute question.<\/p>\n<p>[\/et_pb_text][\/et_pb_column][\/et_pb_row][\/et_pb_section][et_pb_section bb_built=&#8221;1&#8243; _builder_version=&#8221;3.0.86&#8243;][et_pb_row][et_pb_column type=&#8221;4_4&#8243;][et_pb_toggle admin_label=&#8221;Tirage d&#8217;Art&#8221; _builder_version=&#8221;3.0.86&#8243; title=&#8221;Tirage d&#8217;Art&#8221; open=&#8221;off&#8221;]<\/p>\n<div class=\"gfield_description\"><strong>Un Tirage d&#8217;Art<\/strong> est une photo tir\u00e9 par un ma\u00eetre tireur sur un support de haute qualit\u00e9 et par un proc\u00e9d\u00e9 d&#8217;impression particulier amenant la long\u00e9vit\u00e9 de l&#8217;\u0153uvre jusqu&#8217;\u00e0 100 ans. Il est limit\u00e9 \u00e0 30 exemplaires, comprends un certificat d&#8217;authenticit\u00e9 et dispose d&#8217;une valeur patrimoniale. Une oeuvre d&#8217;art se veut donc p\u00e9renne. La loi interdit de porter atteinte \u00e0 l&#8217;int\u00e9grit\u00e9 d&#8217;une oeuvre d&#8217;art.<\/div>\n<p>L&#8217;achat d&#8217;un Tirage d&#8217;Art repr\u00e9sente souvent un v\u00e9ritable coup de coeur pour une photographie, une s\u00e9rie ou\/et un investissement misant sur la c\u00e9l\u00e9brit\u00e9 du photographe. Une oeuvre d&#8217;Art constitue un bien patrimonial<\/p>\n<ul>\n<li>transmissible \u00e0 vos descendants*<\/li>\n<li>exon\u00e9rable de l&#8217;ISF<\/li>\n<li>dont la valeur augmentera \u00e0 mesure de la renomm\u00e9 du photographe<\/li>\n<li>dont la valeur augmentera moins le nombre d&#8217;exemplaires disponibles sera important<\/li>\n<li>dont la valeur est garantie par un nombre d&#8217;exemplaires limit\u00e9 \u00e0 30.<\/li>\n<li>cessible sur le march\u00e9 des \u0152uvres d&#8217;Art (non tax\u00e9 si valeur inf\u00e9rieure \u00e0 5000\u20ac, ou conserv\u00e9 une certaine dur\u00e9e*)<\/li>\n<\/ul>\n<p>Plus le Tirage d&#8217;Art d&#8217;une photo est demand\u00e9 plus son prix de vente sera \u00e9lev\u00e9. A bon entendeur.<\/p>\n<p><strong>Caract\u00e9ristiques<\/strong><\/p>\n<ul>\n<li>Signature originale de l&#8217;auteur<\/li>\n<li>Tirage num\u00e9rot\u00e9 (limit\u00e9s \u00e0 30 exemplaires)<\/li>\n<li class=\"p1\">Grands formats<\/li>\n<li class=\"p1\">Encres pigmentaires encapsul\u00e9es<\/li>\n<li class=\"p1\">Papier Fine Art\u00a0d&#8217;archive longue conservation ou subligraphie Chromalux<span class=\"s1\"><sup>\u00ae<\/sup><\/span><\/li>\n<li>Dur\u00e9e de conservation ~100 ans \u00e0 150 ans<\/li>\n<li>Contrecollage sur Dibon\u00ae<\/li>\n<\/ul>\n<p><em>Note: Vous b\u00e9n\u00e9ficiez d&#8217;une TVA r\u00e9duite sur les Oeuvres d&#8217;Art.<\/em><\/p>\n<p><em>*se r\u00e9f\u00e9rer au Code g\u00e9n\u00e9ral des imp\u00f4ts<\/em><\/p>\n<p style=\"text-align: center;\"><a href='https:\/\/camilledelbos.com\/photography\/boutique\/' class='small-button smallblack'>Commander un tirage<\/a><\/p>\n<p>[\/et_pb_toggle][et_pb_toggle admin_label=&#8221;Open Edition&#8221; _builder_version=&#8221;3.0.86&#8243; title=&#8221;Open edition (reproduction non num\u00e9rot\u00e9e sur papier classique)&#8221; open=&#8221;off&#8221;]<\/p>\n<div class=\"gfield_description\"><\/div>\n<p><strong>Une reproduction en open \u00e9dition<\/strong>\u00a0est l&#8217;impression d&#8217;une photo sur un support traditionnel (papier photo classique) \u00e0 des fins de d\u00e9coration ou d&#8217;illustration. Le proc\u00e9d\u00e9 d&#8217;impression ainsi que le support sont classiques ce qui entra\u00eene une perte de coloration \u00e0 mesure de l&#8217;exposition aux UV au fil des ans. Sa dur\u00e9e de vie est donc beaucoup plus r\u00e9duite et surtout, la reproduction n&#8217;emporte aucune valeur patrimoniale et ne fait pas partie d&#8217;une s\u00e9rie limit\u00e9e.<\/p>\n<p><strong>Caract\u00e9ristiques<\/strong><\/p>\n<ul>\n<li>Impression jet d&#8217;encre<\/li>\n<li class=\"p1\">Papier photo traditionnel<\/li>\n<li>Signature originale de l&#8217;auteur<\/li>\n<\/ul>\n<p><em>Note: Vous b\u00e9n\u00e9ficiez d&#8217;une TVA normale sur les tirage photo, seul les tirages d&#8217;art b\u00e9n\u00e9ficie d&#8217;une TVA r\u00e9duite.<\/em><\/p>\n<p style=\"text-align: center;\"><a href='https:\/\/camilledelbos.com\/photography\/boutique\/' class='small-button smallblack'>Commander un tirage<\/a><\/p>\n<p>[\/et_pb_toggle][et_pb_toggle admin_label=&#8221;Support&#8221; _builder_version=&#8221;3.0.86&#8243; title=&#8221;Support et Medium&#8221; open=&#8221;off&#8221;]<\/p>\n<p><strong>Reproduction :\u00a0<\/strong><\/p>\n<ul>\n<li>L&#8217;impression est effectu\u00e9e sur un papier photo &gt;200g<\/li>\n<\/ul>\n<p><strong>Tirage d&#8217;Art :<\/strong><\/p>\n<p>Nous proposons 2 support diff\u00e9rents.<\/p>\n<ul>\n<li><img loading=\"lazy\" decoding=\"async\" class=\"size-thumbnail wp-image-30502 alignright\" src=\"https:\/\/camilledelbos.com\/photography\/wp-content\/uploads\/sites\/2\/2018\/01\/tirage_cus-150x150.jpg\" alt=\"\" width=\"150\" height=\"150\" srcset=\"https:\/\/camilledelbos.com\/photography\/wp-content\/uploads\/sites\/2\/2018\/01\/tirage_cus-150x150.jpg 150w, https:\/\/camilledelbos.com\/photography\/wp-content\/uploads\/sites\/2\/2018\/01\/tirage_cus-259x259.jpg 259w, https:\/\/camilledelbos.com\/photography\/wp-content\/uploads\/sites\/2\/2018\/01\/tirage_cus-100x100.jpg 100w, https:\/\/camilledelbos.com\/photography\/wp-content\/uploads\/sites\/2\/2018\/01\/tirage_cus-150x150@2x.jpg 300w, https:\/\/camilledelbos.com\/photography\/wp-content\/uploads\/sites\/2\/2018\/01\/tirage_cus-259x259@2x.jpg 518w, https:\/\/camilledelbos.com\/photography\/wp-content\/uploads\/sites\/2\/2018\/01\/tirage_cus-100x100@2x.jpg 200w\" sizes=\"auto, (max-width: 150px) 100vw, 150px\" \/>Le traditionnel <strong>papier<\/strong> <strong>Fine Art<\/strong> qui conserve l&#8217;\u0153uvre jusqu&#8217;\u00e0 environ 100 ans<\/li>\n<li>La <strong>subligraphie<\/strong> avec le proc\u00e9d\u00e9 Chromalux\u00ae\u00a0 qui permet de conserver l&#8217;oeuvre\u00a0jusqu&#8217;\u00e0 environ 150 ans. Le proc\u00e9d\u00e9 consiste a presser \u00e0 chaud une photo sur une plaque d&#8217;aluminimum ou de bois appr\u00eat\u00e9 de polyester pour un impact visuel saisissant. Le rendu des couleur est plus vif.\u00a0Ce mode de tirage permet d&#8217;exposer l&#8217;oeuvre en ext\u00e9rieur sans se soucier des intemp\u00e9ries et agressions (pluie, neige, gel, soleil, poussi\u00e8re, griffures, liquides, &#8230;) et se nettoie avec un simple chiffon.<\/li>\n<\/ul>\n<p>Si vous commandez le tirage d&#8217;une s\u00e9rie, l&#8217;ensemble de la s\u00e9rie sera tir\u00e9 sous une m\u00eame support pour en assurer la coh\u00e9rence.<\/p>\n<p style=\"text-align: center;\"><a href='https:\/\/camilledelbos.com\/photography\/boutique\/' class='small-button smallblack'>Commander un tirage<\/a><\/p>\n<p>[\/et_pb_toggle][et_pb_toggle admin_label=&#8221;Finition&#8221; _builder_version=&#8221;3.0.86&#8243; title=&#8221;Finition&#8221; open=&#8221;off&#8221;]<\/p>\n<p><strong>Reproduction:<\/strong><\/p>\n<p>Brillant, Satin (Semi Brillant) ou Mat selon votre go\u00fbt mode d&#8217;exposition. Nous recommandons la finition mat ou satin pour une mise sous cadre. L&#8217;\u00e9clairage peu g\u00e9n\u00e9rer des reflets et apporter une g\u00eane sur un tirage avec une finition Brillant.<\/p>\n<p><strong>Tirage d&#8217;Art :<\/strong><\/p>\n<p>Nous proposons 2 types de support pour effectuer votre Tirage d&#8217;Art.<\/p>\n<p>Le <strong>tirage papier<\/strong> est effectu\u00e9 sur un papier Fine Art avec impression par encre encapsul\u00e9e et contrecoll\u00e9 sur Dibond\u00ae. Il s&#8217;agit donc d&#8217;un tirage de type Mus\u00e9e et Archives qui propose les finitions suivantes :<\/p>\n<ul>\n<li><strong>Baryta<\/strong>\u00a0: est un \u00e9quivalent finition satin\u00e9. Le tirage est g\u00e9n\u00e9ralement laiss\u00e9 tel quel et donc moins propice \u00e0 \u00eatre prot\u00e9g\u00e9 des agressions (poussi\u00e8re, UV, empreintes, griffures, &#8230;).<\/li>\n<li><strong>PhotoRag<\/strong>\u00a0: est un \u00e9quivalent finition mat. Cette finition offre un tirage propice a \u00eatre mis sous verre de protection ou \u00e0 recevoir une protection UV. C&#8217;est la finition g\u00e9n\u00e9ralement retenue pour un Tirage d&#8217;Art.<\/li>\n<\/ul>\n<p style=\"text-align: center;\">Baryt\u00e9<img loading=\"lazy\" decoding=\"async\" class=\"alignnone size-thumbnail wp-image-30527 aligncenter\" src=\"https:\/\/camilledelbos.com\/photography\/wp-content\/uploads\/sites\/2\/2018\/01\/rag-150x150.jpg\" alt=\"\" width=\"150\" height=\"150\" srcset=\"https:\/\/camilledelbos.com\/photography\/wp-content\/uploads\/sites\/2\/2018\/01\/rag-150x150.jpg 150w, https:\/\/camilledelbos.com\/photography\/wp-content\/uploads\/sites\/2\/2018\/01\/rag-259x259.jpg 259w, https:\/\/camilledelbos.com\/photography\/wp-content\/uploads\/sites\/2\/2018\/01\/rag-100x100.jpg 100w, https:\/\/camilledelbos.com\/photography\/wp-content\/uploads\/sites\/2\/2018\/01\/rag-100x100@2x.jpg 200w\" sizes=\"auto, (max-width: 150px) 100vw, 150px\" \/>PhotoRag<br \/>\n<img loading=\"lazy\" decoding=\"async\" class=\"alignnone size-thumbnail wp-image-30526 aligncenter\" src=\"https:\/\/camilledelbos.com\/photography\/wp-content\/uploads\/sites\/2\/2018\/01\/fine-art-150x150.jpeg\" alt=\"\" width=\"150\" height=\"150\" srcset=\"https:\/\/camilledelbos.com\/photography\/wp-content\/uploads\/sites\/2\/2018\/01\/fine-art-150x150.jpeg 150w, https:\/\/camilledelbos.com\/photography\/wp-content\/uploads\/sites\/2\/2018\/01\/fine-art-100x100.jpeg 100w\" sizes=\"auto, (max-width: 150px) 100vw, 150px\" \/><\/p>\n<p>&nbsp;<\/p>\n<p>Le tirage par\u00a0<strong>subligraphie<\/strong>\u00a0propose les finitions brillant, semi-mat et mat. Nous recommandons la finition mat pour les paysages ainsi que pour les photos en noir et blanc, le semi-mat pour les portraits. Le brillant est \u00e0 r\u00e9server pour les photos urbaines.<\/p>\n<p>Si vous commandez le tirage d&#8217;une s\u00e9rie, l&#8217;ensemble de la s\u00e9rie sera tir\u00e9 sous une m\u00eame finition pour en assurer la coh\u00e9rence.<\/p>\n<p>Brillant<\/p>\n<p><img loading=\"lazy\" decoding=\"async\" class=\"alignnone size-thumbnail wp-image-30512 aligncenter\" src=\"https:\/\/camilledelbos.com\/photography\/wp-content\/uploads\/sites\/2\/2018\/01\/brillant-150x150.jpg\" alt=\"\" width=\"150\" height=\"150\" srcset=\"https:\/\/camilledelbos.com\/photography\/wp-content\/uploads\/sites\/2\/2018\/01\/brillant-150x150.jpg 150w, https:\/\/camilledelbos.com\/photography\/wp-content\/uploads\/sites\/2\/2018\/01\/brillant-259x259.jpg 259w, https:\/\/camilledelbos.com\/photography\/wp-content\/uploads\/sites\/2\/2018\/01\/brillant-100x100.jpg 100w, https:\/\/camilledelbos.com\/photography\/wp-content\/uploads\/sites\/2\/2018\/01\/brillant-150x150@2x.jpg 300w, https:\/\/camilledelbos.com\/photography\/wp-content\/uploads\/sites\/2\/2018\/01\/brillant-100x100@2x.jpg 200w\" sizes=\"auto, (max-width: 150px) 100vw, 150px\" \/>\u00a0Satin\u00e9<img loading=\"lazy\" decoding=\"async\" class=\"alignnone size-thumbnail wp-image-30510 aligncenter\" src=\"https:\/\/camilledelbos.com\/photography\/wp-content\/uploads\/sites\/2\/2018\/01\/mat-150x150.jpg\" alt=\"\" width=\"150\" height=\"150\" srcset=\"https:\/\/camilledelbos.com\/photography\/wp-content\/uploads\/sites\/2\/2018\/01\/mat-150x150.jpg 150w, https:\/\/camilledelbos.com\/photography\/wp-content\/uploads\/sites\/2\/2018\/01\/mat-259x259.jpg 259w, https:\/\/camilledelbos.com\/photography\/wp-content\/uploads\/sites\/2\/2018\/01\/mat-100x100.jpg 100w, https:\/\/camilledelbos.com\/photography\/wp-content\/uploads\/sites\/2\/2018\/01\/mat-150x150@2x.jpg 300w, https:\/\/camilledelbos.com\/photography\/wp-content\/uploads\/sites\/2\/2018\/01\/mat-100x100@2x.jpg 200w\" sizes=\"auto, (max-width: 150px) 100vw, 150px\" \/>\u00a0Mat<img loading=\"lazy\" decoding=\"async\" class=\"alignnone size-thumbnail wp-image-30511 aligncenter\" src=\"https:\/\/camilledelbos.com\/photography\/wp-content\/uploads\/sites\/2\/2018\/01\/baryte-150x150.jpg\" alt=\"\" width=\"150\" height=\"150\" srcset=\"https:\/\/camilledelbos.com\/photography\/wp-content\/uploads\/sites\/2\/2018\/01\/baryte-150x150.jpg 150w, https:\/\/camilledelbos.com\/photography\/wp-content\/uploads\/sites\/2\/2018\/01\/baryte-259x259.jpg 259w, https:\/\/camilledelbos.com\/photography\/wp-content\/uploads\/sites\/2\/2018\/01\/baryte-100x100.jpg 100w, https:\/\/camilledelbos.com\/photography\/wp-content\/uploads\/sites\/2\/2018\/01\/baryte-150x150@2x.jpg 300w, https:\/\/camilledelbos.com\/photography\/wp-content\/uploads\/sites\/2\/2018\/01\/baryte-100x100@2x.jpg 200w\" sizes=\"auto, (max-width: 150px) 100vw, 150px\" \/><\/p>\n<p style=\"text-align: center;\"><a href='https:\/\/camilledelbos.com\/photography\/boutique\/' class='small-button smallblack'>Commander un tirage<\/a><\/p>\n<p>cr\u00e9dit photo:\u00a0artist4deco, declicedition<\/p>\n<p>[\/et_pb_toggle][et_pb_toggle admin_label=&#8221;Format&#8221; _builder_version=&#8221;3.0.86&#8243; title=&#8221;Format&#8221; open=&#8221;off&#8221;]<\/p>\n<p>Plusieurs format sont disponibles selon le mode de tirage souhait\u00e9. Selon capteur de l&#8217;appareil ayant captur\u00e9 la photo, les formats peuvent diff\u00e9rer. Certaines photos ne sont disponible qu&#8217;en format panoramique.<\/p>\n<p><strong>Reproduction <\/strong>(petit et moyen format)<\/p>\n<ul>\n<li>24 cm x 36 cm<\/li>\n<li>32cm x 48 cm<\/li>\n<li>40 cm x 60 cm<\/li>\n<\/ul>\n<p><strong>Tirage d&#8217;Art <\/strong>(moyen et grand format)<\/p>\n<ul>\n<li>40 cm x 60 cm<\/li>\n<li>60 cm x 90 cm<\/li>\n<li>100 cm x 150 cm<\/li>\n<li>120 cm x 180 cm<\/li>\n<\/ul>\n<p><strong>Autres format et demandes sp\u00e9cifiques\u00a0<\/strong><\/p>\n<ul>\n<li><a href=\"https:\/\/camilledelbos.com\/photography\/contact\/\">sur devis<\/a><\/li>\n<\/ul>\n<p>Si vous commandez le tirage d&#8217;une s\u00e9rie, l&#8217;ensemble de la s\u00e9rie sera tir\u00e9 sous un m\u00eame format pour en assurer la coh\u00e9rence.<\/p>\n<p style=\"text-align: center;\"><a href='https:\/\/camilledelbos.com\/photography\/boutique\/' class='small-button smallblack'>Commander un tirage<\/a><\/p>\n<p>[\/et_pb_toggle][et_pb_toggle admin_label=&#8221;Protection&#8221; _builder_version=&#8221;3.0.86&#8243; title=&#8221;Protection&#8221; open=&#8221;off&#8221;]<\/p>\n<p>Les protections ne sont disponibles que pour les reproductions ou tirages contrecoll\u00e9s et ne concernent donc pas les tirages nu ou la subligraphie.<\/p>\n<p><img loading=\"lazy\" decoding=\"async\" class=\"size-thumbnail wp-image-30496 alignleft\" src=\"https:\/\/camilledelbos.com\/photography\/wp-content\/uploads\/sites\/2\/2018\/01\/tirage_plexi-150x150.jpg\" alt=\"\" width=\"150\" height=\"150\" srcset=\"https:\/\/camilledelbos.com\/photography\/wp-content\/uploads\/sites\/2\/2018\/01\/tirage_plexi-150x150.jpg 150w, https:\/\/camilledelbos.com\/photography\/wp-content\/uploads\/sites\/2\/2018\/01\/tirage_plexi-259x259.jpg 259w, https:\/\/camilledelbos.com\/photography\/wp-content\/uploads\/sites\/2\/2018\/01\/tirage_plexi-100x100.jpg 100w, https:\/\/camilledelbos.com\/photography\/wp-content\/uploads\/sites\/2\/2018\/01\/tirage_plexi-150x150@2x.jpg 300w, https:\/\/camilledelbos.com\/photography\/wp-content\/uploads\/sites\/2\/2018\/01\/tirage_plexi-259x259@2x.jpg 518w, https:\/\/camilledelbos.com\/photography\/wp-content\/uploads\/sites\/2\/2018\/01\/tirage_plexi-100x100@2x.jpg 200w\" sizes=\"auto, (max-width: 150px) 100vw, 150px\" \/><\/p>\n<p><strong>Verre acrylique<\/strong><\/p>\n<p>Il permet la protection aux agressions telles que les griffures, empreintes, poussi\u00e8re, postillons, etc&#8230; Il peut \u00eatre nettoy\u00e9 avec une simple chiffon doux, propre et sec.<\/p>\n<p>&nbsp;<\/p>\n<p><strong>Protection UV<\/strong><\/p>\n<p>Une couche invisible de protection UV est d\u00e9pos\u00e9 en laboratoire sur le tirage. Cela renforce la protection aux agression UV.<\/p>\n<p style=\"text-align: center;\"><a href='https:\/\/camilledelbos.com\/photography\/boutique\/' class='small-button smallblack'>Commander un tirage<\/a><\/p>\n<p>[\/et_pb_toggle][et_pb_toggle admin_label=&#8221;Encadrement&#8221; _builder_version=&#8221;3.0.86&#8243; title=&#8221;Encadrement et accroche&#8221; open=&#8221;off&#8221;]<\/p>\n<p>Derni\u00e8re phase du choix de votre tirage, l&#8217;accrochage. Pour qu&#8217;il soit mis en valeur nous vous recommandons un syst\u00e8me de fixation qui le d\u00e9colle l&#8217;oeuvre du mur. Cela lui donnera davantage de profondeur.<\/p>\n<p><strong>Tirage contrecoll\u00e9<\/strong><\/p>\n<ul>\n<li>Paire de rails<\/li>\n<li>Ch\u00e2ssis rentrant (recommand\u00e9)<\/li>\n<li>Caisse am\u00e9ricaine noire finition Mat (recommand\u00e9)<\/li>\n<\/ul>\n<p><strong>Subligraphie<\/strong><\/p>\n<ul>\n<li>Renfort<\/li>\n<li>Renfort Pro<\/li>\n<li>Caisse am\u00e9ricaine noire finition Mat (recommand\u00e9)<\/li>\n<\/ul>\n<p style=\"text-align: center;\"><a href='https:\/\/camilledelbos.com\/photography\/boutique\/' class='small-button smallblack'>Commander un tirage<\/a><\/p>\n<p style=\"text-align: center;\">Dibond\u00ae\u00a0 Caisse am\u00e9ricaine*\u00a0<img loading=\"lazy\" decoding=\"async\" class=\"alignnone size-thumbnail wp-image-30523\" src=\"https:\/\/camilledelbos.com\/photography\/wp-content\/uploads\/sites\/2\/2018\/01\/caisse-americaine-bois-150x150.jpg\" alt=\"\" width=\"150\" height=\"150\" srcset=\"https:\/\/camilledelbos.com\/photography\/wp-content\/uploads\/sites\/2\/2018\/01\/caisse-americaine-bois-150x150.jpg 150w, https:\/\/camilledelbos.com\/photography\/wp-content\/uploads\/sites\/2\/2018\/01\/caisse-americaine-bois-100x100.jpg 100w, https:\/\/camilledelbos.com\/photography\/wp-content\/uploads\/sites\/2\/2018\/01\/caisse-americaine-bois-100x100@2x.jpg 200w\" sizes=\"auto, (max-width: 150px) 100vw, 150px\" \/>\u00a0 Ch\u00e2ssis rentrant<img loading=\"lazy\" decoding=\"async\" class=\"alignnone size-thumbnail wp-image-30522\" src=\"https:\/\/camilledelbos.com\/photography\/wp-content\/uploads\/sites\/2\/2018\/01\/dibond-chassis-150x150.jpg\" alt=\"\" width=\"150\" height=\"150\" srcset=\"https:\/\/camilledelbos.com\/photography\/wp-content\/uploads\/sites\/2\/2018\/01\/dibond-chassis-150x150.jpg 150w, https:\/\/camilledelbos.com\/photography\/wp-content\/uploads\/sites\/2\/2018\/01\/dibond-chassis-259x259.jpg 259w, https:\/\/camilledelbos.com\/photography\/wp-content\/uploads\/sites\/2\/2018\/01\/dibond-chassis-100x100.jpg 100w, https:\/\/camilledelbos.com\/photography\/wp-content\/uploads\/sites\/2\/2018\/01\/dibond-chassis-150x150@2x.jpg 300w, https:\/\/camilledelbos.com\/photography\/wp-content\/uploads\/sites\/2\/2018\/01\/dibond-chassis-100x100@2x.jpg 200w\" sizes=\"auto, (max-width: 150px) 100vw, 150px\" \/><\/p>\n<p>*Photos non contractuelles<\/p>\n<p>cr\u00e9dit photo:\u00a0visionplus.be, alp&#8217;image<\/p>\n<p>[\/et_pb_toggle][\/et_pb_column][\/et_pb_row][et_pb_row][et_pb_column type=&#8221;4_4&#8243;][et_pb_cta _builder_version=&#8221;3.0.86&#8243; title=&#8221;Faites impression !&#8221; button_text=&#8221;Explorer la galerie&#8221; url_new_window=&#8221;off&#8221; use_background_color=&#8221;on&#8221; background_layout=&#8221;light&#8221; custom_button=&#8221;off&#8221; button_icon_placement=&#8221;right&#8221; button_url=&#8221;https:\/\/camilledelbos.com\/photography\/boutique\/&#8221; \/][\/et_pb_column][\/et_pb_row][\/et_pb_section]<\/p>\n","protected":false},"excerpt":{"rendered":"<p>Question fr\u00e9quentes pour l&#8217;achat de tirages &nbsp; Cliquez sur la section souhait\u00e9 pour afficher l&#8217;explication. N&#8217;h\u00e9sitez pas \u00e0 me contacter pour toute h\u00e9sitation ou pour toute question. <div class=\"et_pb_row et_pb_row_0 et_pb_row_empty\">\n\t\t\t\t\n\t\t\t\t\n\t\t\t\t\n\t\t\t\t\n\t\t\t\t\n\t\t\t<\/div> Un Tirage d&#8217;Art est une photo tir\u00e9 par un ma\u00eetre tireur sur un support de haute qualit\u00e9 et par un proc\u00e9d\u00e9 d&#8217;impression particulier amenant la long\u00e9vit\u00e9 de [&hellip;]<\/p>\n","protected":false},"author":1,"featured_media":0,"parent":0,"menu_order":0,"comment_status":"closed","ping_status":"closed","template":"","meta":{"_et_pb_use_builder":"on","_et_pb_old_content":"<div class=\"gfield_description\"><p>\u00a0<\/p><p>Toutes les photos de Camille Delbos sont disponibles en tirage photo classique.<br \/> Faites votre choix.<\/p><p>Caract\u00e9ristiques :<\/p><ul><li>Signature originale de l'auteur<\/li><li>Encres pigmentaires encapsul\u00e9es<\/li><li class=\"p1\">Papier photo<\/li><\/ul><p>Finition<\/p><ul><li class=\"p1\">Mat ou Satin (semi-brillant) ou Brillant<\/li><\/ul><p>Options d'encadrement et de protection<\/p><ul><li>Contrecollage sur Dibon\u00ae<ul><li>Protection UV<\/li><li>Verre acrylique<\/li><li>Chassis, rails et accroches<\/li><\/ul><\/li><\/ul><p><em>Note: Vous b\u00e9n\u00e9ficiez d'une TVA normale sur les tirage photo, seul les tirages d'art b\u00e9n\u00e9ficie d'une TVA r\u00e9duite.<\/em><\/p><p>Tirage Fine Art par encres pigmentaires encapsul\u00e9es sur papier d'archive longue conservation.<\/p><p class=\"p1\">Finition Mat ou Satin (semi-brillant) ou Brillant<\/p><p>Options d'encadrement et de protection<\/p><ul><li>Protection UV<\/li><li class=\"p1\">Verre acrylique<\/li><li class=\"p1\">Chassis, rails et accroches<\/li><li class=\"p1\">Encadrement caisse am\u00e9ricaine<\/li><\/ul><p><em>Note: Vous b\u00e9n\u00e9ficiez d'une TVA r\u00e9duite sur les Oeuvres d'Art.<\/em><\/p><p style=\"padding-bottom: 1em;\">Toutes les photos de Camille Delbos sont disponibles en Tirage d'Art. <a href=\"https:\/\/camilledelbos.com\/photography\/product-category\/print\/fine-art\/\">Faites votre choix.<\/a><\/p><\/div><ul><li>Signature originale de l'auteur<\/li><li>Tirage num\u00e9rot\u00e9 (limit\u00e9s \u00e0 30 exemplaires)<\/li><li class=\"p1\">Grands formats<\/li><li class=\"p1\">Encres pigmentaires encapsul\u00e9es<\/li><li class=\"p1\">Papier Fine Art\u00a0 ou\u00a0 Digigraphie ou subligraphie Chromalux<span class=\"s1\"><sup>\u00ae<\/sup><\/span><\/li><li>Dur\u00e9e de conservation ~100 ans \u00e0 150 ans<\/li><li>Contrecollage sur Dibon\u00ae<\/li><\/ul>","_et_gb_content_width":"","footnotes":""},"class_list":["post-30487","page","type-page","status-publish","hentry"],"_links":{"self":[{"href":"https:\/\/camilledelbos.com\/photography\/wp-json\/wp\/v2\/pages\/30487","targetHints":{"allow":["GET"]}}],"collection":[{"href":"https:\/\/camilledelbos.com\/photography\/wp-json\/wp\/v2\/pages"}],"about":[{"href":"https:\/\/camilledelbos.com\/photography\/wp-json\/wp\/v2\/types\/page"}],"author":[{"embeddable":true,"href":"https:\/\/camilledelbos.com\/photography\/wp-json\/wp\/v2\/users\/1"}],"replies":[{"embeddable":true,"href":"https:\/\/camilledelbos.com\/photography\/wp-json\/wp\/v2\/comments?post=30487"}],"version-history":[{"count":24,"href":"https:\/\/camilledelbos.com\/photography\/wp-json\/wp\/v2\/pages\/30487\/revisions"}],"predecessor-version":[{"id":31798,"href":"https:\/\/camilledelbos.com\/photography\/wp-json\/wp\/v2\/pages\/30487\/revisions\/31798"}],"wp:attachment":[{"href":"https:\/\/camilledelbos.com\/photography\/wp-json\/wp\/v2\/media?parent=30487"}],"curies":[{"name":"wp","href":"https:\/\/api.w.org\/{rel}","templated":true}]}}