
{"id":27340,"date":"2017-07-14T12:30:44","date_gmt":"2017-07-14T11:30:44","guid":{"rendered":"https:\/\/camilledelbos.com\/photography\/?page_id=27340"},"modified":"2017-07-14T12:31:11","modified_gmt":"2017-07-14T11:31:11","slug":"terms-of-use","status":"publish","type":"page","link":"https:\/\/camilledelbos.com\/photography\/terms-of-use\/","title":{"rendered":"Terms of Use"},"content":{"rendered":"<p>[et_pb_section bb_built=&#8221;1&#8243; admin_label=&#8221;Section&#8221;][et_pb_row admin_label=&#8221;Ligne&#8221;][et_pb_column type=&#8221;3_4&#8243;][et_pb_text admin_label=&#8221;Contrat de licence d&#8217;utilisation&#8221;]<\/p>\n<h2>Contrat de licence d&#8217;utilisation<\/h2>\n<p>&nbsp;<\/p>\n<h3>1. D\u00e9finition<\/h3>\n<p>\u00ab Contrat \u00bb signifie ce pr\u00e9sent document.<br \/>\n\u00ab Objet de la Licence \u00bb signifie les photographies, images, vid\u00e9os, les fichiers \u00e9lectroniques originaux ou leurs copies, dont les droits sont conc\u00e9d\u00e9s.<\/p>\n<p>\u00ab Ce Site Web \u00bb signifie le site www.camilledelbos.com<br \/>\n\u00ab Licence \u00bb signifie le droit de Reproduction de l&#8217;Objet de la Licence.<\/p>\n<p>\u00ab Licenci\u00e9 \u00bb signifie la personne physique ou morale qui ach\u00e8te la Licence.<\/p>\n<p>\u00ab Acheteur \u00bb signifie la personne physique ou morale qui t\u00e9l\u00e9charge l&#8217;objet de la Licence pour son propre compte ou pour le compte d&#8217;un Licenci\u00e9 tiers.<\/p>\n<p>\u00ab Le Conc\u00e9dant \u00bb signifie le propri\u00e9taire de ce Site Web, \u00e9galement auteur des photographies, textes (sauf mention expresse) et vid\u00e9os t\u00e9l\u00e9chargeables sur ce Site Web, c&#8217;est \u00e0 dire Camille Delbos.<br \/>\n\u00ab Modification \u00bb d\u00e9signe le recadrage, la distorsion, l&#8217;alt\u00e9ration ou la manipulation de l&#8217;Objet de la Licence ainsi que la cr\u00e9ation de toute \u0152uvre d\u00e9riv\u00e9e \u00e0 partir de l&#8217;Objet de la Licence, ou qui int\u00e8gre l&#8217;Objet de la Licence.<\/p>\n<p>\u00ab Reproduction \u00bb et le verbe \u00ab Reproduire \u00bb signifient toute forme de copie ou de publication sur tout support et par tout moyen, en tout ou partie, de l&#8217;Objet de la Licence.<\/p>\n<h3>2. Licence<\/h3>\n<p>Ce Contrat entre Camille Delbos et le Licenci\u00e9 est r\u00e9gi par les pr\u00e9sentes dispositions.<\/p>\n<p>Le Conc\u00e9dant conc\u00e8de au Licenci\u00e9 une Licence perp\u00e9tuelle, incessible et non susceptible de sous-licence, sur le support de son choix, pour un nombre illimit\u00e9 de fois, sous les conditions cit\u00e9es en section 3, et pour toutes utilisations autres que celles cit\u00e9es en section 4.<\/p>\n<h3>3. Conditions<\/h3>\n<p>Le Licenci\u00e9 ne peut pas pr\u00e9tendre, de quelque mani\u00e8re que ce soit, qu&#8217;il est le cr\u00e9ateur original d&#8217;une \u0153uvre dont l&#8217;Objet de la Licence constitue une grande part de la composition visuelle.<\/p>\n<p>Si l&#8217;Objet de la Licence est Reproduit sur un site web, le Licenci\u00e9 doit mentionner sur ledit site une interdiction de toute nouvelle publication, retransmission, reproduction ou autre utilisation de cet Objet de la Licence.<\/p>\n<p>Lorsque l&#8217;Acheteur acquiert une Licence au nom d&#8217;un Licenci\u00e9, l&#8217;Acheteur garantit qu&#8217;il est autoris\u00e9 \u00e0 agir au nom et pour le compte du Licenci\u00e9.<\/p>\n<p>L&#8217;Objet de la Licence peut repr\u00e9senter des b\u00e2timents et monuments architecturaux prot\u00e9g\u00e9s (par le droit d\u2019auteur \u2013 articles L.111-1 \u00e0 L.132-33 du Code de la Propri\u00e9t\u00e9 Intellectuelle \u2013 et par le droit \u00e0 l\u2019image et la propri\u00e9t\u00e9 \u2013 articles 9 et 544 du Code Civil), des \u0153uvres, des objets prot\u00e9g\u00e9s (par le droit d\u2019auteur \u2013 articles L.111-1 \u00e0 L.132-33 du Code de la Propri\u00e9t\u00e9 Intellectuelle \u2013 et par le droit de dessin et mod\u00e8les \u2013 articles L.511-1 \u00e0 521- 4 du Code de la Propri\u00e9t\u00e9 Intellectuelle), des marques prot\u00e9g\u00e9es (articles L.711-1 \u00e0 L.716-6 du Code de la Propri\u00e9t\u00e9 Intellectuelle). Il appartient au Licenci\u00e9 de n\u00e9gocier directement avec les Licenci\u00e9s de ces droits les autorisations n\u00e9cessaires \u00e0 l\u2019utilisation de l&#8217;Objet de la Licence.<br \/>\nLe Licenci\u00e9 n&#8217;est pas autoris\u00e9 \u00e0 alt\u00e9rer les m\u00e9tadonn\u00e9es incorpor\u00e9es \u00e0 l&#8217;Objet de la Licence.<\/p>\n<p>Le Licenci\u00e9 s&#8217;engage \u00e0 se conformer \u00e0 la r\u00e9glementation en vigueur et\/ou aux codes et usages professionnels.<\/p>\n<h3>4. Limitations d&#8217;utilisation<\/h3>\n<p>Le Licenci\u00e9 n&#8217;est pas autoris\u00e9 \u00e0 inclure l&#8217;Objet de la Licence :<br \/>\n&#8211; pour des utilisations illicites, de fa\u00e7on directe ou indirecte, telles que (et non limitatives) diffamatoires, pornographiques, obsc\u00e8ne, immorale ou en violation des lois du pays dans lequel l&#8217;Objet de la Licence est exploit\u00e9e ou visualisable ;<\/p>\n<p>&#8211; dans un proc\u00e9d\u00e9 \u00e9lectronique destin\u00e9 \u00e0 permettre \u00e0 des tiers d&#8217;en faire des Reproductions sur des produits \u00e9lectroniques ou imprim\u00e9s ;<\/p>\n<p>&#8211; dans une \u0152uvre ou un produit destin\u00e9 \u00e0 la vente, dont il constitue la valeur principale, tel que (liste non limitative) des fonds d&#8217;\u00e9cran (pour ordinateurs comme pour appareils \u00e9lectroniques nomades), cartes postales, livres de photographies, calendriers, tasses, t-shirts, posters ;<\/p>\n<p>&#8211; dans une \u0152uvre imprim\u00e9e ou dupliqu\u00e9e physiquement (par ex. CDs\/DVDs) dont le tirage exc\u00e8de 500 (cinq cent) exemplaires. Le Licenci\u00e9 doit acqu\u00e9rir une licence particuli\u00e8re pour gros volumes.<\/p>\n<h3>5. Cr\u00e9dits<\/h3>\n<p>Droits d&#8217;auteur. En aucun cas, la licence inclut les droits de propri\u00e9t\u00e9 ou droit d&#8217;auteur, qui restent la propri\u00e9t\u00e9 de l&#8217;auteur.<\/p>\n<p>Cr\u00e9dits photo. Toute Reproduction \u00e9ditoriale doit comporter la mention de cr\u00e9dit photo \u00ab \u00a9 Camille Delbos \u00bb \u00e0 proximit\u00e9 imm\u00e9diate de cette Reproduction.<\/p>\n<h3>6. Limitation de responsabilit\u00e9<\/h3>\n<p>Le Conc\u00e9dant n&#8217;accorde aucune autre garantie relative \u00e0 l&#8217;Objet de la Licence notamment les garanties tacites de qualit\u00e9 technique ou esth\u00e9tiques ou d&#8217;ad\u00e9quation \u00e0 une utilisation finale particuli\u00e8re.<br \/>\nLe Conc\u00e9dant d\u00e9cline toute responsabilit\u00e9 en cas de dommages imputables au contexte dans lequel l&#8217;Objet de la Licence est utilis\u00e9, ou \u00e0 des modifications apport\u00e9es \u00e0 l&#8217;Objet de la Licence par le Licenci\u00e9 ou des tiers.<br \/>\nLe Conc\u00e9dant ne saurait \u00eatre tenu pour responsable de dommages punitifs, sp\u00e9ciaux, indirects, accessoires ou fortuits, ou de toute perte subi par le Licenci\u00e9 ou par un tiers et r\u00e9sultant d&#8217;un d\u00e9faut suppos\u00e9 ou r\u00e9el de l&#8217;Objet de la Licence, de sa l\u00e9gende ou, d&#8217;une fa\u00e7on quelconque, de sa Reproduction, m\u00eame si le Conc\u00e9dant a \u00e9t\u00e9 inform\u00e9 de la possibilit\u00e9 de tels dommages ou pertes.<br \/>\nSi la responsabilit\u00e9 du Conc\u00e9dant \u00e9tait retenue, le total des indemnit\u00e9s ne pourrait, de convention expresse, d\u00e9passer un montant \u00e9gal prix pay\u00e9 par l&#8217;Acheteur pour l&#8217;Objet de la Licence qui est \u00e0 l&#8217;origine du dommage.<\/p>\n<h3>7. Exactitude des informations<\/h3>\n<p>Bien que les l\u00e9gendes et m\u00e9tadonn\u00e9es aient \u00e9t\u00e9 r\u00e9dig\u00e9es avec soins, le Conc\u00e9dant ne garantit pas l&#8217;exactitude de ces informations.<br \/>\nLe Licenci\u00e9 devra contr\u00f4ler l&#8217;Objet de la Licence dans son int\u00e9gralit\u00e9 pour d\u00e9celer les erreurs \u00e9ventuelles (de donn\u00e9es ou de m\u00e9tadonn\u00e9es) avant d&#8217;en r\u00e9aliser ses propres Reproductions.<\/p>\n<h3>8. R\u00e8glement et Facturation<\/h3>\n<p>Le Licenci\u00e9 et l&#8217;Acheteur acceptent de r\u00e9gler les Frais de Licence par voie \u00e9lectronique au moment de l&#8217;achat sur ce Site Web.<br \/>\nLe Licenci\u00e9 et l&#8217;Acheteur acceptent de recevoir des factures de fa\u00e7on \u00e9lectronique \u00e0 l&#8217;adresse de courrier \u00e9lectronique indiqu\u00e9e lors de l&#8217;achat.<\/p>\n<h3>9. Utilisation non autoris\u00e9e et r\u00e9siliation<\/h3>\n<p>L&#8217;utilisation de l&#8217;Objet de la Licence non express\u00e9ment autoris\u00e9e par le Contrat, ainsi que l&#8217;utilisation de l&#8217;Objet de la Licence sans le paiement des Frais correspondants, constituent une violation des droits d&#8217;auteur et autorise le Conc\u00e9dant \u00e0 exercer toutes les actions et pr\u00e9rogatives qui lui sont conf\u00e9r\u00e9s par la l\u00e9gislation fran\u00e7aise sur les droits d&#8217;auteur.<br \/>\nLe Licenci\u00e9 est responsable de tous les pr\u00e9judices faisant suite \u00e0 ces violations de droits d&#8217;auteur et de propri\u00e9t\u00e9 intellectuelle, incluant toute les r\u00e9clamations en provenance un tiers.<br \/>\nEn cas d&#8217;utilisation non autoris\u00e9e, le Licenci\u00e9 accepte de payer une indemnit\u00e9 d&#8217;un montant d&#8217;au moins dix (10) fois le montant des frais de Licence tels que affich\u00e9 sur ce Site Web, avec un minimum de deux cent cinquante euros (250\u20ac).<br \/>\nCe Contrat est caduque si le Licenci\u00e9 le conclut apr\u00e8s que le Conc\u00e9dant ait inform\u00e9 le Licenci\u00e9 de l&#8217;utilisation frauduleuse ou non autoris\u00e9e de l&#8217;Objet de la Licence ;<br \/>\nLe Conc\u00e9dant se r\u00e9serve le droit de mettre fin au Contrat pour tout manquement aux dispositions du Contrat.<br \/>\nD\u00e8s que le Licenci\u00e9 sera inform\u00e9 de cette r\u00e9siliation, il devra imm\u00e9diatement cesser d&#8217;utiliser l&#8217;Objet de la Licence, le d\u00e9truire ainsi que toutes les Reproductions en sa possession,.<br \/>\nLe Licenci\u00e9 a l&#8217;obligation d&#8217;avertir imm\u00e9diatement le Conc\u00e9dant s&#8217;il est inform\u00e9 qu&#8217;un tiers a viol\u00e9 tout droit de propri\u00e9t\u00e9 intellectuelle ou a fait acte de contrefa\u00e7on avec l&#8217;Objet de la Licence.<\/p>\n<h3>10. Dispositions diverses<\/h3>\n<p>Droit applicable : Le Contrat est r\u00e9gi par la loi fran\u00e7aise \u00e0 l&#8217;exclusion de toute autre.<br \/>\nInd\u00e9pendance des dispositions : Si une quelconque disposition du Contrat s&#8217;av\u00e8re ill\u00e9gale ou inex\u00e9cutable, les autres dispositions restent valables.<br \/>\nD\u00e9charge de responsabilit\u00e9 : Toute renonciation \u00e0 une quelconque disposition du Contrat ne pourra se faire uniquement par \u00e9crit.<\/p>\n<h3>11. Modification du Contrat.<\/h3>\n<p>Au cas o\u00f9 une modification de ce Contrat est apport\u00e9e, la version existante au moment de l&#8217;Achat est celle qui fait r\u00e9f\u00e9rence. Il est express\u00e9ment conseill\u00e9 \u00e0 l&#8217;Acheteur de garder une copie du Contrat existant au moment de l&#8217;Achat.<br \/>\nEn cas de conflit entre ce Contrat et une autre page de ce Site Web, les dispositions du Contrat pr\u00e9valent.<\/p>\n<p>&nbsp;<\/p>\n<p>[\/et_pb_text][et_pb_text admin_label=&#8221;Conditions g\u00e9n\u00e9rales de vente&#8221;]<\/p>\n<h2>Conditions g\u00e9n\u00e9rales de vente<\/h2>\n<p>&nbsp;<\/p>\n<h3>1. D\u00e9finitions<\/h3>\n<p>\u00ab Conditions de Vente \u00bb signifie ce pr\u00e9sent document.<br \/>\n\u00ab Site Web \u00bb signifie le site camilledelbos.com .<br \/>\n\u00ab Client \u00bb signifie la personne physique ou morale pour qui sont destin\u00e9s les produits ou services.<br \/>\n\u00ab Acheteur \u00bb signifie la personne physique ou morale qui ach\u00e8te sur ce Site pour son propre compte ou pour le compte d&#8217;un Client tiers.<br \/>\n\u00ab Le Vendeur \u00bb signifie le propri\u00e9taire de ce Site Web, c&#8217;est \u00e0 dire Camille Delbos.<\/p>\n<h3>2. Applications<\/h3>\n<p>Ces Conditions de Vente s&#8217;appliquent aux achats en ligne sur ce Site Web.<br \/>\nCes Conditions de Vente visent \u00e0 d\u00e9finir les relations contractuelles entre le Vendeur et le Client et les conditions applicables \u00e0 tout achat effectu\u00e9 par le biais de ce Site Web, que le Client soit professionnel ou particulier.<br \/>\nL&#8217;acquisition d&#8217;un bien ou d&#8217;un service \u00e0 travers ce Site Web implique une acceptation sans r\u00e9serve par le Client de ces Conditions de Vente.<br \/>\nCes Conditions de Vente pr\u00e9vaudront sur toutes autres conditions g\u00e9n\u00e9rales ou particuli\u00e8res non express\u00e9ment agr\u00e9\u00e9es par le Vendeur.<br \/>\nLe Vendeur se r\u00e9serve de pouvoir modifier ces Conditions de Vente \u00e0 tout moment. Dans ce cas, les conditions applicables seront celles en vigueur \u00e0 la date de la commande par l&#8217;Acheteur.<\/p>\n<h3>3. Caract\u00e9ristiques des biens et services propos\u00e9s<\/h3>\n<p>Les produits et services offerts sont ceux qui figurent dans les pages de ce Site Web.<br \/>\nLes marchandises de nature physique sont disponibles dans la limite des stocks.<br \/>\nLes photographies sont les plus fid\u00e8les possibles mais ne peuvent assurer une similitude parfaite avec le produit offert, notamment en ce qui concerne les couleurs.<\/p>\n<h3>4. Tarifs<\/h3>\n<p>Les prix figurant sur ce Site Web sont des prix TTC en euros tenant compte de la TVA applicable au jour de la commande; tout changement du taux pourra \u00eatre r\u00e9percut\u00e9 sur le prix des produits ou des services.<br \/>\nLe Vendeur se r\u00e9serve le droit de modifier ses prix \u00e0 tout moment, \u00e9tant toutefois entendu que le prix figurant sur ce Site Web le jour de la commande sera le seul applicable \u00e0 l&#8217;Acheteur.<br \/>\nLes prix indiqu\u00e9s ne comprennent pas les frais de traitement de commande, de transport et de livraison qui sont calcul\u00e9s en fonction du poids des marchandises et du lieu de livraison. Pour les produits livr\u00e9es de fa\u00e7on \u00e9lectronique, il n&#8217;y a pas de frais de livraison.<\/p>\n<h3>5. Commandes<\/h3>\n<p>Lorsque l&#8217;Acheteur commande au nom d&#8217;un Client tiers, l&#8217;Acheteur garantit qu&#8217;il est autoris\u00e9 \u00e0 agir sur mandat pour le compte du Client.<br \/>\nL&#8217;Acheteur qui souhaite acheter un produit ou un service doit obligatoirement :<br \/>\n&#8211; remplir son &#8220;panier d&#8217;achats&#8221; virtuel via les boutons pr\u00e9vus ;<br \/>\n&#8211; valider sa commande apr\u00e8s l&#8217;avoir v\u00e9rifi\u00e9e ;<br \/>\n&#8211; remplir \u00e9ventuellement les informations n\u00e9cessaires \u00e0 la livraison des produits command\u00e9s ;<br \/>\n&#8211; confirmer sa commande et son r\u00e8glement.<br \/>\nLa confirmation de la commande entra\u00eene acceptation des Conditions de Vente, la reconnaissance d&#8217;en avoir la parfaite connaissance et la renonciation \u00e0 se pr\u00e9valoir de ses propres conditions d&#8217;achat ou d&#8217;autres conditions.<br \/>\nL&#8217;ensemble des donn\u00e9es fournies et la confirmation enregistr\u00e9e vaudront preuve de la transaction. La confirmation vaudra signature et acceptation des op\u00e9rations effectu\u00e9es.<br \/>\nLe Vendeur communiquera par courrier \u00e9lectronique confirmation de la commande enregistr\u00e9e.<\/p>\n<h3>6. R\u00e9tractation<\/h3>\n<p>Les Clients personnes physiques non professionnelles b\u00e9n\u00e9ficient d&#8217;un d\u00e9lai de r\u00e9tractation de sept jours \u00e0 compter de la livraison de leur commande pour faire retour du produit au Vendeur pour \u00e9change ou remboursement sans p\u00e9nalit\u00e9, \u00e0 l&#8217;exception des frais de livraison.<br \/>\nCe d\u00e9lai de r\u00e9tractation ne s&#8217;applique pas aux produits livr\u00e9e de fa\u00e7on \u00e9lectronique.<\/p>\n<h3>7. Modalit\u00e9s de paiement<\/h3>\n<p>Le prix est exigible \u00e0 la commande.<br \/>\nLes paiements seront effectu\u00e9s par carte bancaire ou par le site de paiement en ligne Paypal ou Stripe ou tout service \u00e9quivalent; ils seront r\u00e9alis\u00e9s par le biais du syst\u00e8me s\u00e9curis\u00e9 utilise le protocole SSL &#8220;Secure Socket Layer&#8221; de telle sorte que les informations transmises sont crypt\u00e9es.<br \/>\n\u00c0 la demande de l&#8217;Acheteur, il lui sera adress\u00e9e de fa\u00e7on \u00e9lectronique une facture.<\/p>\n<h3>8. Livraisons<\/h3>\n<p>Les livraisons sont faites \u00e0 l&#8217;adresse indiqu\u00e9e au moment de la commande.<br \/>\nLes risques sont \u00e0 la charge du Client \u00e0 compter du moment o\u00f9 les produits ont quitt\u00e9 les locaux du Vendeur. En cas de dommage pendant le transport, la protestation motiv\u00e9e doit \u00eatre formul\u00e9e aupr\u00e8s du transporteur dans un d\u00e9lai de trois jours \u00e0 compter de la livraison.<br \/>\nLes d\u00e9lais de livraison ne sont donn\u00e9s qu&#8217;\u00e0 titre indicatif ; si ceux-ci d\u00e9passent quatre vingt dix (90) jours \u00e0 compter de la commande, le contrat de vente pourra \u00eatre r\u00e9sili\u00e9 et l&#8217;Acheteur rembours\u00e9.<\/p>\n<h3>9. Garanties<\/h3>\n<p>Tous les produits fournis par le Vendeur b\u00e9n\u00e9ficient de la garantie l\u00e9gale pr\u00e9vue par les articles 1641 et suivants du Code civil.<br \/>\nEn cas de non conformit\u00e9 d&#8217;un produit vendu, il pourra \u00eatre retourn\u00e9 au Vendeur qui le reprendra, l&#8217;\u00e9changera ou le remboursera.<br \/>\nToutes les r\u00e9clamations, demandes d&#8217;\u00e9change ou de remboursement doivent s&#8217;effectuer par voie postale \u00e0 l&#8217;adresse indiqu\u00e9e dans la section Mentions l\u00e9gales dans le d\u00e9lai de sept (7) jours ouvr\u00e9s suivant la livraison.<\/p>\n<h3>10. Resonsabilit\u00e9<\/h3>\n<p>Le Vendeur, dans le processus de vente en ligne, n&#8217;est tenu que par une obligation de moyens; sa responsabilit\u00e9 ne pourra \u00eatre engag\u00e9e pour un dommage r\u00e9sultant de l&#8217;utilisation du r\u00e9seau Internet tel que perte de donn\u00e9es, intrusion, virus, rupture du service, ou autres probl\u00e8mes involontaires.<\/p>\n<h3>11. Droit applicable<\/h3>\n<p>Ces Conditions de Vente en ligne sont soumises \u00e0 la loi fran\u00e7aise.<\/p>\n<p>[\/et_pb_text][\/et_pb_column][et_pb_column type=&#8221;1_4&#8243;][\/et_pb_column][\/et_pb_row][\/et_pb_section]<\/p>\n","protected":false},"excerpt":{"rendered":"<p>Contrat de licence d&#8217;utilisation &nbsp; 1. D\u00e9finition \u00ab Contrat \u00bb signifie ce pr\u00e9sent document. \u00ab Objet de la Licence \u00bb signifie les photographies, images, vid\u00e9os, les fichiers \u00e9lectroniques originaux ou leurs copies, dont les droits sont conc\u00e9d\u00e9s. \u00ab Ce Site Web \u00bb signifie le site www.camilledelbos.com \u00ab Licence \u00bb signifie le droit de Reproduction de [&hellip;]<\/p>\n","protected":false},"author":1,"featured_media":0,"parent":0,"menu_order":0,"comment_status":"closed","ping_status":"closed","template":"","meta":{"_et_pb_use_builder":"on","_et_pb_old_content":"","_et_gb_content_width":"","footnotes":""},"class_list":["post-27340","page","type-page","status-publish","hentry"],"_links":{"self":[{"href":"https:\/\/camilledelbos.com\/photography\/wp-json\/wp\/v2\/pages\/27340","targetHints":{"allow":["GET"]}}],"collection":[{"href":"https:\/\/camilledelbos.com\/photography\/wp-json\/wp\/v2\/pages"}],"about":[{"href":"https:\/\/camilledelbos.com\/photography\/wp-json\/wp\/v2\/types\/page"}],"author":[{"embeddable":true,"href":"https:\/\/camilledelbos.com\/photography\/wp-json\/wp\/v2\/users\/1"}],"replies":[{"embeddable":true,"href":"https:\/\/camilledelbos.com\/photography\/wp-json\/wp\/v2\/comments?post=27340"}],"version-history":[{"count":1,"href":"https:\/\/camilledelbos.com\/photography\/wp-json\/wp\/v2\/pages\/27340\/revisions"}],"predecessor-version":[{"id":27341,"href":"https:\/\/camilledelbos.com\/photography\/wp-json\/wp\/v2\/pages\/27340\/revisions\/27341"}],"wp:attachment":[{"href":"https:\/\/camilledelbos.com\/photography\/wp-json\/wp\/v2\/media?parent=27340"}],"curies":[{"name":"wp","href":"https:\/\/api.w.org\/{rel}","templated":true}]}}