
{"id":26262,"date":"2017-04-19T16:29:05","date_gmt":"2017-04-19T15:29:05","guid":{"rendered":"https:\/\/camilledelbos.com\/photography\/?page_id=26262"},"modified":"2017-11-12T18:47:21","modified_gmt":"2017-11-12T17:47:21","slug":"stories","status":"publish","type":"page","link":"https:\/\/camilledelbos.com\/photography\/stories\/","title":{"rendered":"Stories"},"content":{"rendered":"<p>[et_pb_section bb_built=&#8221;1&#8243; admin_label=&#8221;section&#8221; background_color=&#8221;rgba(0,0,0,0.3)&#8221; disabled_on=&#8221;on|on|on&#8221; _builder_version=&#8221;3.0.72&#8243; background_image=&#8221;https:\/\/camilledelbos.com\/photography\/wp-content\/uploads\/sites\/2\/2016\/03\/Iranian_art_painting_-_Mashhad_Iran_handcraft.jpg&#8221; parallax=&#8221;on&#8221; custom_padding=&#8221;||175px|&#8221; disabled=&#8221;on&#8221;][et_pb_row make_fullwidth=&#8221;off&#8221; use_custom_width=&#8221;off&#8221; width_unit=&#8221;on&#8221; use_custom_gutter=&#8221;off&#8221; background_color=&#8221;rgba(102,102,102,0.75)&#8221; allow_player_pause=&#8221;off&#8221; parallax=&#8221;off&#8221; parallax_method=&#8221;on&#8221; make_equal=&#8221;off&#8221; parallax_1=&#8221;off&#8221; parallax_method_1=&#8221;off&#8221; parallax_2=&#8221;off&#8221; parallax_method_2=&#8221;off&#8221; global_module=&#8221;27257&#8243;][et_pb_column type=&#8221;2_3&#8243;][et_pb_text global_parent=&#8221;27257&#8243; background_layout=&#8221;light&#8221; text_orientation=&#8221;left&#8221; use_border_color=&#8221;off&#8221; border_color=&#8221;#ffffff&#8221; border_style=&#8221;solid&#8221; disabled_on=&#8221;on|on|on&#8221; disabled=&#8221;on&#8221;] [et_bloom_inline optin_id=optin_6] [\/et_pb_text][et_pb_text global_parent=&#8221;27257&#8243; background_layout=&#8221;dark&#8221; text_orientation=&#8221;left&#8221; use_border_color=&#8221;off&#8221; border_color=&#8221;#ffffff&#8221; border_style=&#8221;solid&#8221; custom_padding=&#8221;50px|50px|50px|50px&#8221;]<\/p>\n<h4>The current redesign of the site allows me to offer you a more immersive experience in the subjects covered, then I promise, I hurry to put online the stories and stories from across the world.<\/h4>\n<h4>You will gradually find new stories, a photo gallery that has a new look and some new features that might interest you!<\/h4>\n<h4>To stay informed, leave me your address, I&#8217;ll send you a mail to notify you when it will be ready.<\/h4>\n<h4 style=\"text-align: left;\">Thank you,<\/h4>\n<h4 style=\"text-align: right;\">Camille<\/h4>\n<p>[\/et_pb_text][\/et_pb_column][et_pb_column type=&#8221;1_3&#8243;][et_pb_text global_parent=&#8221;27257&#8243; background_layout=&#8221;light&#8221; text_orientation=&#8221;left&#8221; use_border_color=&#8221;off&#8221; border_color=&#8221;#ffffff&#8221; border_style=&#8221;solid&#8221;]<\/p>\n<p><!-- Begin MailChimp Signup Form --><\/p>\n<style type=\"text\/css\">\n\t#mc_embed_signup{color:#fff; clear:left; font:14px Helvetica,Arial,sans-serif; }<br \/>\t\/* Add your own MailChimp form style overrides in your site stylesheet or in this style block.<br \/>\t   We recommend moving this block and the preceding CSS link to the HEAD of your HTML file. *\/<br \/><\/style>\n<div id=\"mc_embed_signup\">\n<form id=\"mc-embedded-subscribe-form\" class=\"validate\" action=\"\/\/camilledelbos.us3.list-manage.com\/subscribe\/post?u=9661e17c93fb11262381dbcc7&amp;id=ebd6884a5c\" method=\"post\" name=\"mc-embedded-subscribe-form\" novalidate=\"\" target=\"_blank\">\n<div id=\"mc_embed_signup_scroll\">\n<div class=\"mc-field-group\"><label for=\"mce-EMAIL\">Email <span class=\"asterisk\">*<\/span> <\/label> <input id=\"mce-EMAIL\" class=\"required email\" name=\"EMAIL\" type=\"email\" value=\"\" \/><\/div>\n<div class=\"mc-field-group\"><label for=\"mce-FNAME\">Firstname <span class=\"asterisk\">*<\/span> <\/label> <input id=\"mce-FNAME\" class=\"required\" name=\"FNAME\" type=\"text\" value=\"\" \/><\/div>\n<div class=\"mc-field-group\"><label for=\"mce-LNAME\">Name <span class=\"asterisk\">*<\/span> <\/label> <input id=\"mce-LNAME\" class=\"required\" name=\"LNAME\" type=\"text\" value=\"\" \/><\/div>\n<div class=\"mc-field-group input-group\">\n<p><strong>Prefered language <span class=\"asterisk\">*<\/span> <\/strong><\/p>\n<ul>\n<li><input id=\"mce-LANGUAGE-0\" name=\"LANGUAGE\" type=\"radio\" value=\"Fran\u00e7ais\" \/><label for=\"mce-LANGUAGE-0\">Fran\u00e7ais<\/label><\/li>\n<li><input id=\"mce-LANGUAGE-1\" name=\"LANGUAGE\" type=\"radio\" value=\"English\" \/><label for=\"mce-LANGUAGE-1\">English<\/label><\/li>\n<\/ul>\n<\/div>\n<div class=\"mc-field-group input-group\">\n<p><strong>Your estimated photography level <\/strong><\/p>\n<ul>\n<li><input id=\"mce-PHOTOLEVEL-0\" name=\"PHOTOLEVEL\" type=\"radio\" value=\"Beginner\" \/><label for=\"mce-PHOTOLEVEL-0\">Beginner<\/label><\/li>\n<li><input id=\"mce-PHOTOLEVEL-1\" name=\"PHOTOLEVEL\" type=\"radio\" value=\"Advanced\" \/><label for=\"mce-PHOTOLEVEL-1\">Advanced<\/label><\/li>\n<li><input id=\"mce-PHOTOLEVEL-2\" name=\"PHOTOLEVEL\" type=\"radio\" value=\"Pro\" \/><label for=\"mce-PHOTOLEVEL-2\">Pro<\/label><\/li>\n<\/ul>\n<\/div>\n<div id=\"mce-responses\" class=\"clear\"><\/div>\n<p><!-- real people should not fill this in and expect good things - do not remove this or risk form bot signups--><\/p>\n<div style=\"position: absolute; left: -5000px;\" aria-hidden=\"true\"><input tabindex=\"-1\" name=\"b_9661e17c93fb11262381dbcc7_ebd6884a5c\" type=\"text\" value=\"\" \/><\/div>\n<div class=\"clear\"><input id=\"mc-embedded-subscribe\" class=\"button\" name=\"subscribe\" type=\"submit\" value=\"Subscribe\" \/><\/div>\n<\/div>\n<\/form>\n<\/div>\n<p><!--End mc_embed_signup--><\/p>\n<p>[\/et_pb_text][\/et_pb_column][\/et_pb_row][\/et_pb_section][et_pb_section bb_built=&#8221;1&#8243; background_color=&#8221;#f9f9f9&#8243; disabled_on=&#8221;on|on|off&#8221; custom_padding_last_edited=&#8221;on|desktop&#8221; _builder_version=&#8221;3.0.72&#8243; custom_padding_tablet=&#8221;50px|0|50px|0&#8243; padding_mobile=&#8221;off&#8221;][et_pb_row custom_padding=&#8221;68px|||&#8221; padding_mobile=&#8221;on&#8221; column_padding_mobile=&#8221;on&#8221; parallax_method_1=&#8221;off&#8221; _builder_version=&#8221;3.0.47&#8243; background_size=&#8221;initial&#8221; background_position=&#8221;top_left&#8221; background_repeat=&#8221;repeat&#8221; _i=&#8221;0&#8243; _address=&#8221;1.0&#8243;][et_pb_column type=&#8221;4_4&#8243;][et_pb_text admin_label=&#8221;Immersion dans des histoires singuli\u00e8res&#8221; _builder_version=&#8221;3.0.69&#8243; text_font=&#8221;Montserrat|on|||&#8221; text_font_size=&#8221;48&#8243; text_font_size_tablet=&#8221;36&#8243; text_font_size_last_edited=&#8221;on|tablet&#8221; text_text_color=&#8221;#454545&#8243; text_line_height=&#8221;1.2em&#8221; text_orientation=&#8221;center&#8221; module_alignment=&#8221;center&#8221; custom_margin=&#8221;||0px|&#8221;]<\/p>\n<p>Immersion into singular stories<\/p>\n<p>[\/et_pb_text][et_pb_text _builder_version=&#8221;3.0.69&#8243; text_font=&#8221;PT Serif||||&#8221; text_font_size=&#8221;24&#8243; text_text_color=&#8221;#888888&#8243; text_line_height=&#8221;1.4em&#8221; text_orientation=&#8221;center&#8221; max_width=&#8221;620px&#8221; module_alignment=&#8221;center&#8221; custom_margin=&#8221;10px|||&#8221;]<\/p>\n<p>Take the time to share life from elsewhere, to discover changing cultures and environments and let yourself be seduced by enchanting landscapes.<\/p>\n<p>[\/et_pb_text][\/et_pb_column][\/et_pb_row][et_pb_row use_custom_gutter=&#8221;on&#8221; gutter_width=&#8221;2&#8243; custom_padding=&#8221;30px||0px|&#8221; padding_mobile=&#8221;on&#8221; make_equal=&#8221;on&#8221; column_padding_mobile=&#8221;on&#8221; background_color_1=&#8221;#ffffff&#8221; background_color_2=&#8221;#ffffff&#8221; parallax_method_1=&#8221;off&#8221; parallax_method_2=&#8221;off&#8221; _builder_version=&#8221;3.0.47&#8243; background_size=&#8221;initial&#8221; background_position=&#8221;top_left&#8221; background_repeat=&#8221;repeat&#8221; _i=&#8221;1&#8243; _address=&#8221;1.1&#8243;][et_pb_column type=&#8221;1_2&#8243;][et_pb_image admin_label=&#8221;CARGO&#8221; src=&#8221;https:\/\/camilledelbos.com\/photography\/wp-content\/uploads\/sites\/2\/2017\/08\/20170111_cargo_bellini-70.jpg&#8221; url=&#8221;\/photography\/project\/travel-in-cargo-or-the-art-of-the-slow-pace\/&#8221; use_overlay=&#8221;on&#8221; overlay_icon_color=&#8221;#ffffff&#8221; hover_overlay_color=&#8221;rgba(99,156,188,0.47)&#8221; align=&#8221;center&#8221; force_fullwidth=&#8221;on&#8221; _builder_version=&#8221;3.0.86&#8243; animation=&#8221;off&#8221; show_in_lightbox=&#8221;off&#8221; url_new_window=&#8221;off&#8221; always_center_on_mobile=&#8221;on&#8221; show_bottom_space=&#8221;on&#8221; animation_direction=&#8221;off&#8221; \/][et_pb_text admin_label=&#8221;LIFE \/ TRANSPORTATION&#8221; _builder_version=&#8221;3.0.72&#8243; text_font=&#8221;Montserrat|on|||&#8221; text_font_size=&#8221;12&#8243; text_text_color=&#8221;#454545&#8243; background_color=&#8221;#ffffff&#8221; text_orientation=&#8221;center&#8221; module_alignment=&#8221;center&#8221; custom_margin=&#8221;30px||0px|&#8221;]<\/p>\n<p>LIFE \/ TRANSPORTATION<\/p>\n<p>[\/et_pb_text][et_pb_text admin_label=&#8221;Travel in cargo or the art of the slow pace&#8221; _builder_version=&#8221;3.0.72&#8243; text_font=&#8221;PT Serif||||&#8221; text_font_size=&#8221;24&#8243; text_text_color=&#8221;#888888&#8243; background_color=&#8221;#ffffff&#8221; text_orientation=&#8221;center&#8221; module_alignment=&#8221;center&#8221; custom_margin=&#8221;10px||30px|&#8221;]<\/p>\n<p>Travel in cargo or the art of the slow pace<\/p>\n<p>[\/et_pb_text][et_pb_text admin_label=&#8221;bient\u00f4t en disponible&#8221; disabled_on=&#8221;on|on|on&#8221; _builder_version=&#8221;3.0.72&#8243; text_font=&#8221;Lato||||&#8221; text_text_color=&#8221;#888888&#8243; text_line_height=&#8221;1em&#8221; header_font_size=&#8221;1px&#8221; background_color=&#8221;#ffffff&#8221; text_orientation=&#8221;center&#8221; module_alignment=&#8221;center&#8221; custom_margin=&#8221;||30px|&#8221; disabled=&#8221;on&#8221;]<\/p>\n<p>bient\u00f4t en disponible<\/p>\n<p>[\/et_pb_text][\/et_pb_column][et_pb_column type=&#8221;1_2&#8243;][et_pb_image admin_label=&#8221;Berg\u00e8re&#8221; src=&#8221;https:\/\/camilledelbos.com\/wp-content\/uploads\/sites\/2\/2017\/10\/AJ_Camille_Delbos_Les_derni%C3%A8res_berg%C3%A8res_du_Pamir_Pakistanais-13.png&#8221; url=&#8221;\/photography\/project\/\/the-last-wakhi-shepherdesses&#8221; url_new_window=&#8221;on&#8221; use_overlay=&#8221;on&#8221; overlay_icon_color=&#8221;#ffffff&#8221; hover_overlay_color=&#8221;rgba(99,156,188,0.47)&#8221; align=&#8221;center&#8221; force_fullwidth=&#8221;on&#8221; _builder_version=&#8221;3.0.86&#8243; animation=&#8221;off&#8221; show_in_lightbox=&#8221;off&#8221; always_center_on_mobile=&#8221;on&#8221; show_bottom_space=&#8221;on&#8221; animation_direction=&#8221;off&#8221; \/][et_pb_text admin_label=&#8221;ETHNIE \/ CULTURE&#8221; _builder_version=&#8221;3.0.72&#8243; text_font=&#8221;Montserrat|on|||&#8221; text_font_size=&#8221;12&#8243; text_text_color=&#8221;#454545&#8243; background_color=&#8221;#ffffff&#8221; text_orientation=&#8221;center&#8221; module_alignment=&#8221;center&#8221; custom_margin=&#8221;30px||0px|&#8221;]<\/p>\n<p>ETHNICITY \/ CULTURE<\/p>\n<p>[\/et_pb_text][et_pb_text admin_label=&#8221;The last Wakhi shepherdesses&#8221; _builder_version=&#8221;3.0.72&#8243; text_font=&#8221;PT Serif||||&#8221; text_font_size=&#8221;24&#8243; text_text_color=&#8221;#888888&#8243; background_color=&#8221;#ffffff&#8221; text_orientation=&#8221;center&#8221; module_alignment=&#8221;center&#8221; custom_margin=&#8221;10px||30px|&#8221;]<\/p>\n<p>The last Wakhi shepherdesses<\/p>\n<p>[\/et_pb_text][\/et_pb_column][\/et_pb_row][et_pb_row use_custom_gutter=&#8221;on&#8221; gutter_width=&#8221;2&#8243; custom_padding=&#8221;33px||0px|&#8221; padding_mobile=&#8221;on&#8221; make_equal=&#8221;on&#8221; column_padding_mobile=&#8221;on&#8221; background_color_1=&#8221;#ffffff&#8221; background_color_2=&#8221;#ffffff&#8221; parallax_method_1=&#8221;off&#8221; parallax_method_2=&#8221;off&#8221; _builder_version=&#8221;3.0.47&#8243; background_size=&#8221;initial&#8221; background_position=&#8221;top_left&#8221; background_repeat=&#8221;repeat&#8221; _i=&#8221;2&#8243; _address=&#8221;1.2&#8243;][et_pb_column type=&#8221;1_2&#8243;][et_pb_image admin_label=&#8221;KOYO&#8221; src=&#8221;https:\/\/camilledelbos.com\/photography\/wp-content\/uploads\/sites\/2\/2017\/09\/cd_20151123_jp_kyoto_32801.jpg&#8221; url=&#8221;\/photography\/project\/koyo-poesie-chasse-ephemere\/&#8221; use_overlay=&#8221;on&#8221; overlay_icon_color=&#8221;#ffffff&#8221; hover_overlay_color=&#8221;rgba(99,156,188,0.47)&#8221; align=&#8221;center&#8221; force_fullwidth=&#8221;on&#8221; _builder_version=&#8221;3.0.86&#8243; animation=&#8221;off&#8221; show_in_lightbox=&#8221;off&#8221; url_new_window=&#8221;off&#8221; always_center_on_mobile=&#8221;on&#8221; show_bottom_space=&#8221;on&#8221; animation_direction=&#8221;off&#8221; \/][et_pb_text admin_label=&#8221;LIFESTYLE \/ CULTURE&#8221; _builder_version=&#8221;3.0.86&#8243; text_font=&#8221;Montserrat|on|||&#8221; text_font_size=&#8221;12&#8243; text_text_color=&#8221;#454545&#8243; background_color=&#8221;#ffffff&#8221; text_orientation=&#8221;center&#8221; module_alignment=&#8221;center&#8221; custom_margin=&#8221;30px||0px|&#8221; background_layout=&#8221;light&#8221;]<\/p>\n<p>LIFESTYLE \/ CULTURE<\/p>\n<p>[\/et_pb_text][et_pb_text admin_label=&#8221;Koyo po\u00e9sie d&#8217;une chasse \u00e0 l&#8217;\u00e9ph\u00e9m\u00e8re&#8221; _builder_version=&#8221;3.0.86&#8243; text_font=&#8221;PT Serif||||&#8221; text_font_size=&#8221;24&#8243; text_text_color=&#8221;#888888&#8243; background_color=&#8221;#ffffff&#8221; text_orientation=&#8221;center&#8221; module_alignment=&#8221;center&#8221; custom_margin=&#8221;10px||30px|&#8221; background_layout=&#8221;light&#8221;]<\/p>\n<p>K\u014dy\u014d<br \/>\npo\u00e9sie d&#8217;une chasse \u00e0 l&#8217;\u00e9ph\u00e9m\u00e8re<\/p>\n<p>[\/et_pb_text][\/et_pb_column][et_pb_column type=&#8221;1_2&#8243;][et_pb_image admin_label=&#8221;KALASH&#8221; src=&#8221;https:\/\/camilledelbos.com\/photography\/wp-content\/uploads\/sites\/2\/2017\/09\/20160514_sans_titre-524.jpg&#8221; url=&#8221;\/photography\/project\/the-struggle-of-kalash-people-for-culture-preservation&#8221; use_overlay=&#8221;on&#8221; overlay_icon_color=&#8221;#ffffff&#8221; hover_overlay_color=&#8221;rgba(99,156,188,0.47)&#8221; align=&#8221;center&#8221; force_fullwidth=&#8221;on&#8221; _builder_version=&#8221;3.0.86&#8243; animation=&#8221;off&#8221; show_in_lightbox=&#8221;off&#8221; url_new_window=&#8221;off&#8221; always_center_on_mobile=&#8221;on&#8221; show_bottom_space=&#8221;on&#8221; animation_direction=&#8221;off&#8221; \/][et_pb_text admin_label=&#8221;ETHNIE \/ FOI&#8221; _builder_version=&#8221;3.0.72&#8243; text_font=&#8221;Montserrat|on|||&#8221; text_font_size=&#8221;12&#8243; text_text_color=&#8221;#454545&#8243; background_color=&#8221;#ffffff&#8221; text_orientation=&#8221;center&#8221; module_alignment=&#8221;center&#8221; custom_margin=&#8221;30px||0px|&#8221;]<\/p>\n<p>ETHNICITY \/ FAITH<\/p>\n<p>[\/et_pb_text][et_pb_text admin_label=&#8221;The struggle of Kalash people for culture preservation&#8221; _builder_version=&#8221;3.0.72&#8243; text_font=&#8221;PT Serif||||&#8221; text_font_size=&#8221;24&#8243; text_text_color=&#8221;#888888&#8243; background_color=&#8221;#ffffff&#8221; text_orientation=&#8221;center&#8221; module_alignment=&#8221;center&#8221; custom_margin=&#8221;10px||30px|&#8221;]<\/p>\n<p>The struggle of Kalash people for culture preservation<\/p>\n<p>[\/et_pb_text][\/et_pb_column][\/et_pb_row][et_pb_row use_custom_gutter=&#8221;on&#8221; gutter_width=&#8221;2&#8243; custom_padding=&#8221;33px||0px|&#8221; padding_mobile=&#8221;on&#8221; make_equal=&#8221;on&#8221; column_padding_mobile=&#8221;on&#8221; background_color_1=&#8221;#ffffff&#8221; background_color_2=&#8221;#ffffff&#8221; parallax_method_1=&#8221;off&#8221; parallax_method_2=&#8221;off&#8221; _builder_version=&#8221;3.0.47&#8243; background_size=&#8221;initial&#8221; background_position=&#8221;top_left&#8221; background_repeat=&#8221;repeat&#8221; _i=&#8221;2&#8243; _address=&#8221;1.2&#8243; disabled_on=&#8221;on|on|on&#8221; disabled=&#8221;on&#8221;][et_pb_column type=&#8221;1_2&#8243;][et_pb_image admin_label=&#8221;WHAT THEY EAT&#8221; src=&#8221;https:\/\/camilledelbos.com\/photography\/wp-content\/uploads\/sites\/2\/2017\/06\/cd_20150821_ru_irkutsk_20533.jpg&#8221; url=&#8221;\/photography\/project\/&#8221; use_overlay=&#8221;on&#8221; overlay_icon_color=&#8221;#ffffff&#8221; hover_overlay_color=&#8221;rgba(99,156,188,0.47)&#8221; align=&#8221;center&#8221; force_fullwidth=&#8221;on&#8221; _builder_version=&#8221;3.0.86&#8243; animation=&#8221;off&#8221; show_in_lightbox=&#8221;off&#8221; url_new_window=&#8221;off&#8221; always_center_on_mobile=&#8221;on&#8221; show_bottom_space=&#8221;on&#8221; animation_direction=&#8221;off&#8221; \/][et_pb_text admin_label=&#8221;ETHNIE \/ CULTURE&#8221; _builder_version=&#8221;3.0.72&#8243; text_font=&#8221;Montserrat|on|||&#8221; text_font_size=&#8221;12&#8243; text_text_color=&#8221;#454545&#8243; background_color=&#8221;#ffffff&#8221; text_orientation=&#8221;center&#8221; module_alignment=&#8221;center&#8221; custom_margin=&#8221;30px||0px|&#8221;]<\/p>\n<p>FOOD<\/p>\n<p>[\/et_pb_text][et_pb_text admin_label=&#8221;What they eat&#8221; _builder_version=&#8221;3.0.72&#8243; text_font=&#8221;PT Serif||||&#8221; text_font_size=&#8221;24&#8243; text_text_color=&#8221;#888888&#8243; background_color=&#8221;#ffffff&#8221; text_orientation=&#8221;center&#8221; module_alignment=&#8221;center&#8221; custom_margin=&#8221;10px||30px|&#8221;]<\/p>\n<p>What they eat<\/p>\n<p>[\/et_pb_text][et_pb_text admin_label=&#8221;bient\u00f4t en disponible&#8221; _builder_version=&#8221;3.0.72&#8243; text_font=&#8221;Lato||||&#8221; text_text_color=&#8221;#888888&#8243; text_line_height=&#8221;1em&#8221; header_font_size=&#8221;1px&#8221; background_color=&#8221;#ffffff&#8221; text_orientation=&#8221;center&#8221; module_alignment=&#8221;center&#8221; custom_margin=&#8221;||30px|&#8221;]<\/p>\n<p>coming soon<\/p>\n<p>[\/et_pb_text][\/et_pb_column][et_pb_column type=&#8221;1_2&#8243;][et_pb_image admin_label=&#8221;KALASH&#8221; src=&#8221;https:\/\/camilledelbos.com\/photography\/wp-content\/uploads\/sites\/2\/2017\/09\/20160514_sans_titre-524.jpg&#8221; url=&#8221;\/photography\/project\/the-struggle-of-kalash-people-for-culture-preservation&#8221; use_overlay=&#8221;on&#8221; overlay_icon_color=&#8221;#ffffff&#8221; hover_overlay_color=&#8221;rgba(99,156,188,0.47)&#8221; align=&#8221;center&#8221; force_fullwidth=&#8221;on&#8221; _builder_version=&#8221;3.0.86&#8243; animation=&#8221;off&#8221; show_in_lightbox=&#8221;off&#8221; url_new_window=&#8221;off&#8221; always_center_on_mobile=&#8221;on&#8221; show_bottom_space=&#8221;on&#8221; animation_direction=&#8221;off&#8221; \/][et_pb_text admin_label=&#8221;ETHNIE \/ FOI&#8221; _builder_version=&#8221;3.0.72&#8243; text_font=&#8221;Montserrat|on|||&#8221; text_font_size=&#8221;12&#8243; text_text_color=&#8221;#454545&#8243; background_color=&#8221;#ffffff&#8221; text_orientation=&#8221;center&#8221; module_alignment=&#8221;center&#8221; custom_margin=&#8221;30px||0px|&#8221;]<\/p>\n<p>ETHNICITY \/ FAITH<\/p>\n<p>[\/et_pb_text][et_pb_text admin_label=&#8221;The struggle of Kalash people for culture preservation&#8221; _builder_version=&#8221;3.0.72&#8243; text_font=&#8221;PT Serif||||&#8221; text_font_size=&#8221;24&#8243; text_text_color=&#8221;#888888&#8243; background_color=&#8221;#ffffff&#8221; text_orientation=&#8221;center&#8221; module_alignment=&#8221;center&#8221; custom_margin=&#8221;10px||30px|&#8221;]<\/p>\n<p>The struggle of Kalash people for culture preservation<\/p>\n<p>[\/et_pb_text][\/et_pb_column][\/et_pb_row][\/et_pb_section]<\/p>\n","protected":false},"excerpt":{"rendered":"<p>[et_bloom_inline optin_id=optin_6] The current redesign of the site allows me to offer you a more immersive experience in the subjects covered, then I promise, I hurry to put online the stories and stories from across the world. You will gradually find new stories, a photo gallery that has a new look and some new features [&hellip;]<\/p>\n","protected":false},"author":1,"featured_media":0,"parent":0,"menu_order":0,"comment_status":"closed","ping_status":"open","template":"","meta":{"_et_pb_use_builder":"on","_et_pb_old_content":"","_et_gb_content_width":"","footnotes":""},"class_list":["post-26262","page","type-page","status-publish","hentry"],"_links":{"self":[{"href":"https:\/\/camilledelbos.com\/photography\/wp-json\/wp\/v2\/pages\/26262","targetHints":{"allow":["GET"]}}],"collection":[{"href":"https:\/\/camilledelbos.com\/photography\/wp-json\/wp\/v2\/pages"}],"about":[{"href":"https:\/\/camilledelbos.com\/photography\/wp-json\/wp\/v2\/types\/page"}],"author":[{"embeddable":true,"href":"https:\/\/camilledelbos.com\/photography\/wp-json\/wp\/v2\/users\/1"}],"replies":[{"embeddable":true,"href":"https:\/\/camilledelbos.com\/photography\/wp-json\/wp\/v2\/comments?post=26262"}],"version-history":[{"count":18,"href":"https:\/\/camilledelbos.com\/photography\/wp-json\/wp\/v2\/pages\/26262\/revisions"}],"predecessor-version":[{"id":29995,"href":"https:\/\/camilledelbos.com\/photography\/wp-json\/wp\/v2\/pages\/26262\/revisions\/29995"}],"wp:attachment":[{"href":"https:\/\/camilledelbos.com\/photography\/wp-json\/wp\/v2\/media?parent=26262"}],"curies":[{"name":"wp","href":"https:\/\/api.w.org\/{rel}","templated":true}]}}