
{"id":26201,"date":"2017-04-19T15:03:24","date_gmt":"2017-04-19T14:03:24","guid":{"rendered":"https:\/\/camilledelbos.com\/photography\/?page_id=26201"},"modified":"2019-10-22T21:36:10","modified_gmt":"2019-10-22T20:36:10","slug":"recits","status":"publish","type":"page","link":"https:\/\/camilledelbos.com\/photography\/recits\/","title":{"rendered":"R\u00e9cits"},"content":{"rendered":"<p>[et_pb_section fb_built=&#8221;1&#8243; disabled_on=&#8221;on|on|on&#8221; admin_label=&#8221;section&#8221; _builder_version=&#8221;3.22&#8243; background_color=&#8221;rgba(0,0,0,0.3)&#8221; background_image=&#8221;https:\/\/camilledelbos.com\/photography\/wp-content\/uploads\/sites\/2\/2016\/03\/Iranian_art_painting_-_Mashhad_Iran_handcraft.jpg&#8221; parallax=&#8221;on&#8221; custom_padding=&#8221;||175px|&#8221; transparent_background=&#8221;off&#8221; make_fullwidth=&#8221;off&#8221; use_custom_width=&#8221;off&#8221; width_unit=&#8221;on&#8221; disabled=&#8221;on&#8221;][et_pb_row _builder_version=&#8221;3.25&#8243; background_color=&#8221;rgba(102,102,102,0.75)&#8221; background_size=&#8221;initial&#8221; background_position=&#8221;top_left&#8221; background_repeat=&#8221;repeat&#8221; make_fullwidth=&#8221;off&#8221; use_custom_width=&#8221;off&#8221; width_unit=&#8221;on&#8221; column_structure=&#8221;2_3,1_3&#8243;][et_pb_column type=&#8221;2_3&#8243; _builder_version=&#8221;3.25&#8243; custom_padding=&#8221;|||&#8221; custom_padding__hover=&#8221;|||&#8221;][et_pb_text _builder_version=&#8221;3.27.4&#8243; background_size=&#8221;initial&#8221; background_position=&#8221;top_left&#8221; background_repeat=&#8221;repeat&#8221; background_layout=&#8221;dark&#8221; module_alignment=&#8221;left&#8221; custom_padding=&#8221;50px|50px|50px|50px&#8221; use_border_color=&#8221;off&#8221; border_color=&#8221;#ffffff&#8221; border_style=&#8221;solid&#8221;]<\/p>\n<h4>La refonte actuelle du site me permet de vous offrir une exp\u00e9rience plus immersive dans les sujets couverts, alors c&#8217;est promis, je me d\u00e9p\u00eache de mettre en ligne les histoires et reportages de l\u2019autre bout du monde.<\/h4>\n<h4>Vous pourrez retrouver progressivement de nouveaux reportages, une galerie photo qui fait peau neuve et quelques nouveaut\u00e9s qui pourraient vous int\u00e9resser !<\/h4>\n<h4>Pour rester inform\u00e9, laissez moi votre adresse, je vous enverrai un petit mail pour vous avertir d\u00e8s que ce sera en pr\u00eat.<\/h4>\n<h4>Merci,<\/h4>\n<h4 style=\"text-align: right;\">Camille<\/h4>\n<p>[\/et_pb_text][et_pb_text disabled_on=&#8221;on|on|on&#8221; _builder_version=&#8221;3.27.4&#8243; background_size=&#8221;initial&#8221; background_position=&#8221;top_left&#8221; background_repeat=&#8221;repeat&#8221; module_alignment=&#8221;left&#8221; use_border_color=&#8221;off&#8221; border_color=&#8221;#ffffff&#8221; border_style=&#8221;solid&#8221; disabled=&#8221;on&#8221;] [et_bloom_inline optin_id=optin_2] [\/et_pb_text][\/et_pb_column][et_pb_column type=&#8221;1_3&#8243; _builder_version=&#8221;3.25&#8243; custom_padding=&#8221;|||&#8221; custom_padding__hover=&#8221;|||&#8221;][et_pb_text _builder_version=&#8221;3.27.4&#8243; background_size=&#8221;initial&#8221; background_position=&#8221;top_left&#8221; background_repeat=&#8221;repeat&#8221; module_alignment=&#8221;left&#8221; use_border_color=&#8221;off&#8221; border_color=&#8221;#ffffff&#8221; border_style=&#8221;solid&#8221;]<!-- Begin MailChimp Signup Form --><\/p>\n<style type=\"text\/css\">\n\t#mc_embed_signup{clear:left; color:#fff; font:14px Helvetica,Arial,sans-serif; }<br \/>\t\/* Add your own MailChimp form style overrides in your site stylesheet or in this style block.<br \/>\t   We recommend moving this block and the preceding CSS link to the HEAD of your HTML file. *\/<br \/><\/style>\n<div id=\"mc_embed_signup\">\n<form id=\"mc-embedded-subscribe-form\" class=\"validate\" action=\"\/\/camilledelbos.us3.list-manage.com\/subscribe\/post?u=9661e17c93fb11262381dbcc7&amp;id=ebd6884a5c\" method=\"post\" name=\"mc-embedded-subscribe-form\" novalidate=\"novalidate\" target=\"_blank\">\n<div id=\"mc_embed_signup_scroll\">\n<div class=\"mc-field-group\"><label for=\"mce-EMAIL\">Email <span class=\"asterisk\">*<\/span><br \/>\n<\/label><br \/>\n<input id=\"mce-EMAIL\" class=\"required email\" name=\"EMAIL\" type=\"email\" value=\"\" aria-required=\"true\" \/><\/div>\n<div class=\"mc-field-group\"><label for=\"mce-FNAME\">Pr\u00e9nom <span class=\"asterisk\">*<\/span><br \/>\n<\/label><br \/>\n<input id=\"mce-FNAME\" class=\"required\" name=\"FNAME\" type=\"text\" value=\"\" aria-required=\"true\" \/><\/div>\n<div class=\"mc-field-group\"><label for=\"mce-LNAME\">Nom <span class=\"asterisk\">*<\/span><br \/>\n<\/label><br \/>\n<input id=\"mce-LNAME\" class=\"required\" name=\"LNAME\" type=\"text\" value=\"\" aria-required=\"true\" \/><\/div>\n<div class=\"mc-field-group input-group\">\n<p><strong>Recevoir les informations en <span class=\"asterisk\">*<\/span><br \/>\n<\/strong><\/p>\n<ul>\n<li><input id=\"mce-LANGUAGE-0\" name=\"LANGUAGE\" type=\"radio\" value=\"Fran\u00e7ais\" \/><label for=\"mce-LANGUAGE-0\">Fran\u00e7ais<\/label><\/li>\n<li><input id=\"mce-LANGUAGE-1\" name=\"LANGUAGE\" type=\"radio\" value=\"English\" \/><label for=\"mce-LANGUAGE-1\">English<\/label><\/li>\n<\/ul>\n<\/div>\n<div class=\"mc-field-group input-group\">\n<p><strong>Votre estimation de votre niveau en photo<\/strong><\/p>\n<ul>\n<li><input id=\"mce-PHOTOLEVEL-0\" name=\"PHOTOLEVEL\" type=\"radio\" value=\"Beginner\" \/><label for=\"mce-PHOTOLEVEL-0\">Debutant<\/label><\/li>\n<li><input id=\"mce-PHOTOLEVEL-1\" name=\"PHOTOLEVEL\" type=\"radio\" value=\"Advanced\" \/><label for=\"mce-PHOTOLEVEL-1\">Avanc\u00e9<\/label><\/li>\n<li><input id=\"mce-PHOTOLEVEL-2\" name=\"PHOTOLEVEL\" type=\"radio\" value=\"Pro\" \/><label for=\"mce-PHOTOLEVEL-2\">Pro<\/label><\/li>\n<\/ul>\n<\/div>\n<div id=\"mce-responses\" class=\"clear\"><\/div>\n<p><!-- real people should not fill this in and expect good things - do not remove this or risk form bot signups--><\/p>\n<div style=\"position: absolute; left: -5000px;\" aria-hidden=\"true\"><input tabindex=\"-1\" name=\"b_9661e17c93fb11262381dbcc7_ebd6884a5c\" type=\"text\" value=\"\" \/><\/div>\n<div class=\"clear\"><input id=\"mc-embedded-subscribe\" class=\"button\" name=\"subscribe\" type=\"submit\" value=\"Envoyer\" \/><\/div>\n<\/div>\n<\/form>\n<\/div>\n<p><!--End mc_embed_signup--><br \/>\n[\/et_pb_text][\/et_pb_column][\/et_pb_row][\/et_pb_section][et_pb_section fb_built=&#8221;1&#8243; custom_padding_last_edited=&#8221;on|desktop&#8221; disabled_on=&#8221;off|off|off&#8221; _builder_version=&#8221;3.22&#8243; background_color=&#8221;#f9f9f9&#8243; custom_padding_tablet=&#8221;50px|0|50px|0&#8243; custom_padding_phone=&#8221;&#8221; padding_mobile=&#8221;off&#8221;][et_pb_row padding_mobile=&#8221;on&#8221; column_padding_mobile=&#8221;on&#8221; _builder_version=&#8221;3.25&#8243; background_size=&#8221;initial&#8221; background_position=&#8221;top_left&#8221; background_repeat=&#8221;repeat&#8221; custom_padding=&#8221;68px|||&#8221;][et_pb_column type=&#8221;4_4&#8243; _builder_version=&#8221;3.25&#8243; custom_padding=&#8221;|||&#8221; custom_padding__hover=&#8221;|||&#8221;][et_pb_text admin_label=&#8221;Immersion dans des histoires singuli\u00e8res&#8221; _builder_version=&#8221;3.27.4&#8243; text_font=&#8221;Montserrat|on|||&#8221; text_text_color=&#8221;#454545&#8243; text_font_size=&#8221;48&#8243; text_line_height=&#8221;1.2em&#8221; text_orientation=&#8221;center&#8221; module_alignment=&#8221;center&#8221; custom_margin=&#8221;||0px|&#8221; text_font_size_tablet=&#8221;36&#8243; text_font_size_phone=&#8221;&#8221; text_font_size_last_edited=&#8221;on|tablet&#8221; border_style=&#8221;solid&#8221;]Immersion dans des histoires singuli\u00e8res<br \/>\n[\/et_pb_text][et_pb_text _builder_version=&#8221;3.27.4&#8243; text_font=&#8221;PT Serif||||&#8221; text_text_color=&#8221;#888888&#8243; text_font_size=&#8221;24&#8243; text_line_height=&#8221;1.4em&#8221; text_orientation=&#8221;center&#8221; max_width=&#8221;620px&#8221; module_alignment=&#8221;center&#8221; custom_margin=&#8221;10px|||&#8221; border_style=&#8221;solid&#8221;]Le temps d&#8217;un r\u00e9cit, partagez des vies d&#8217;ailleurs, d\u00e9couvrez des cultures et environnements en mutations et laissez vous captiver\u00a0par des\u00a0paysages envo\u00fbtant.<br \/>\n[\/et_pb_text][\/et_pb_column][\/et_pb_row][et_pb_row use_custom_gutter=&#8221;on&#8221; gutter_width=&#8221;2&#8243; padding_mobile=&#8221;on&#8221; make_equal=&#8221;on&#8221; column_padding_mobile=&#8221;on&#8221; _builder_version=&#8221;3.25&#8243; background_size=&#8221;initial&#8221; background_position=&#8221;top_left&#8221; background_repeat=&#8221;repeat&#8221; custom_padding=&#8221;30px||0px|&#8221; column_structure=&#8221;1_2,1_2&#8243;][et_pb_column type=&#8221;1_2&#8243; _builder_version=&#8221;3.25&#8243; background_color=&#8221;#ffffff&#8221; custom_padding=&#8221;|||&#8221; custom_padding__hover=&#8221;|||&#8221;][et_pb_image src=&#8221;https:\/\/camilledelbos.com\/photography\/wp-content\/uploads\/sites\/2\/2017\/08\/20170111_cargo_bellini-70.jpg&#8221; url=&#8221;\/photography\/project\/travel-in-cargo-or-the-art-of-the-slow-pace\/&#8221; use_overlay=&#8221;on&#8221; overlay_icon_color=&#8221;#ffffff&#8221; hover_overlay_color=&#8221;rgba(99,156,188,0.47)&#8221; align=&#8221;center&#8221; force_fullwidth=&#8221;on&#8221; align_tablet=&#8221;center&#8221; align_phone=&#8221;&#8221; align_last_edited=&#8221;on|desktop&#8221; admin_label=&#8221;CARGO&#8221; _builder_version=&#8221;4.0.1&#8243; animation_direction=&#8221;off&#8221; hover_enabled=&#8221;0&#8243; animation=&#8221;off&#8221; sticky=&#8221;on&#8221; always_center_on_mobile=&#8221;on&#8221;][\/et_pb_image][et_pb_text admin_label=&#8221;LIFE \/ TRANSPORTATION&#8221; _builder_version=&#8221;4.0.1&#8243; text_font=&#8221;Montserrat|on|||&#8221; text_text_color=&#8221;#454545&#8243; text_font_size=&#8221;12&#8243; background_color=&#8221;#ffffff&#8221; text_orientation=&#8221;center&#8221; module_alignment=&#8221;center&#8221; custom_margin=&#8221;30px||0px|&#8221; hover_enabled=&#8221;0&#8243; border_style=&#8221;solid&#8221; link_option_url=&#8221;\/photography\/project\/travel-in-cargo-or-the-art-of-the-slow-pace\/&#8221;]LIFE \/ TRANSPORTATION<br \/>\n[\/et_pb_text][et_pb_text admin_label=&#8221;Eloge de la lenteur : ticket retour en cargo&#8221; _builder_version=&#8221;4.0.1&#8243; text_font=&#8221;PT Serif||||&#8221; text_text_color=&#8221;#888888&#8243; text_font_size=&#8221;24&#8243; background_color=&#8221;#ffffff&#8221; text_orientation=&#8221;center&#8221; module_alignment=&#8221;center&#8221; custom_margin=&#8221;10px||30px|&#8221; hover_enabled=&#8221;0&#8243; border_style=&#8221;solid&#8221; link_option_url=&#8221;\/photography\/project\/travel-in-cargo-or-the-art-of-the-slow-pace\/&#8221;]Eloge de la lenteur : ticket retour en cargo<br \/>\n[\/et_pb_text][\/et_pb_column][et_pb_column type=&#8221;1_2&#8243; _builder_version=&#8221;3.25&#8243; background_color=&#8221;#ffffff&#8221; custom_padding=&#8221;|||&#8221; custom_padding__hover=&#8221;|||&#8221;][et_pb_image src=&#8221;https:\/\/camilledelbos.com\/wp-content\/uploads\/sites\/2\/2017\/10\/AJ_Camille_Delbos_Les_derni%C3%A8res_berg%C3%A8res_du_Pamir_Pakistanais-13.png&#8221; url=&#8221;\/photography\/project\/dernieres-bergeres-wakhi\/&#8221; url_new_window=&#8221;on&#8221; use_overlay=&#8221;on&#8221; overlay_icon_color=&#8221;#ffffff&#8221; hover_overlay_color=&#8221;rgba(99,156,188,0.47)&#8221; align=&#8221;center&#8221; force_fullwidth=&#8221;on&#8221; align_tablet=&#8221;center&#8221; align_phone=&#8221;&#8221; align_last_edited=&#8221;on|desktop&#8221; admin_label=&#8221;Berg\u00e8re&#8221; _builder_version=&#8221;4.0.1&#8243; animation_direction=&#8221;off&#8221; animation=&#8221;off&#8221; sticky=&#8221;on&#8221; always_center_on_mobile=&#8221;on&#8221;][\/et_pb_image][et_pb_text admin_label=&#8221;ETHNIE \/ CULTURE&#8221; _builder_version=&#8221;4.0.1&#8243; text_font=&#8221;Montserrat|on|||&#8221; text_text_color=&#8221;#454545&#8243; text_font_size=&#8221;12&#8243; background_color=&#8221;#ffffff&#8221; text_orientation=&#8221;center&#8221; module_alignment=&#8221;center&#8221; custom_margin=&#8221;30px||0px|&#8221; hover_enabled=&#8221;0&#8243; border_style=&#8221;solid&#8221; link_option_url=&#8221;\/photography\/project\/dernieres-bergeres-wakhi\/&#8221;]ETHNIE \/ CULTURE<br \/>\n[\/et_pb_text][et_pb_text admin_label=&#8221;Les derni\u00e8res berg\u00e8res Wakhi&#8221; _builder_version=&#8221;4.0.1&#8243; text_font=&#8221;PT Serif||||&#8221; text_text_color=&#8221;#888888&#8243; text_font_size=&#8221;24&#8243; background_color=&#8221;#ffffff&#8221; text_orientation=&#8221;center&#8221; module_alignment=&#8221;center&#8221; custom_margin=&#8221;10px||30px|&#8221; hover_enabled=&#8221;0&#8243; border_style=&#8221;solid&#8221; link_option_url=&#8221;\/photography\/project\/dernieres-bergeres-wakhi\/&#8221;]Les derni\u00e8res berg\u00e8res Wakhi<br \/>\n[\/et_pb_text][\/et_pb_column][\/et_pb_row][et_pb_row use_custom_gutter=&#8221;on&#8221; gutter_width=&#8221;2&#8243; padding_mobile=&#8221;on&#8221; make_equal=&#8221;on&#8221; column_padding_mobile=&#8221;on&#8221; _builder_version=&#8221;3.25&#8243; background_size=&#8221;initial&#8221; background_position=&#8221;top_left&#8221; background_repeat=&#8221;repeat&#8221; custom_padding=&#8221;33px||0px|&#8221; column_structure=&#8221;1_2,1_2&#8243;][et_pb_column type=&#8221;1_2&#8243; _builder_version=&#8221;3.25&#8243; background_color=&#8221;#ffffff&#8221; custom_padding=&#8221;|||&#8221; custom_padding__hover=&#8221;|||&#8221;][et_pb_image src=&#8221;https:\/\/camilledelbos.com\/photography\/wp-content\/uploads\/sites\/2\/2017\/09\/cd_20151123_jp_kyoto_32801.jpg&#8221; url=&#8221;\/photography\/project\/koyo-poesie-chasse-ephemere\/&#8221; use_overlay=&#8221;on&#8221; overlay_icon_color=&#8221;#ffffff&#8221; hover_overlay_color=&#8221;rgba(99,156,188,0.47)&#8221; align=&#8221;center&#8221; force_fullwidth=&#8221;on&#8221; align_tablet=&#8221;center&#8221; align_phone=&#8221;&#8221; align_last_edited=&#8221;on|desktop&#8221; admin_label=&#8221;KOYO&#8221; _builder_version=&#8221;4.0.1&#8243; hover_enabled=&#8221;0&#8243; animation=&#8221;off&#8221; sticky=&#8221;on&#8221; always_center_on_mobile=&#8221;on&#8221;][\/et_pb_image][et_pb_text admin_label=&#8221;LIFESTYLE \/ CULTURE&#8221; _builder_version=&#8221;4.0.1&#8243; text_font=&#8221;Montserrat|on|||&#8221; text_text_color=&#8221;#454545&#8243; text_font_size=&#8221;12&#8243; background_color=&#8221;#ffffff&#8221; text_orientation=&#8221;center&#8221; module_alignment=&#8221;center&#8221; custom_margin=&#8221;30px||0px|&#8221; hover_enabled=&#8221;0&#8243; link_option_url=&#8221;\/photography\/project\/koyo-poesie-chasse-ephemere\/&#8221;]LIFESTYLE \/ CULTURE<br \/>\n[\/et_pb_text][et_pb_text admin_label=&#8221;Koyo po\u00e9sie d&#8217;une chasse \u00e0 l&#8217;\u00e9ph\u00e9m\u00e8re&#8221; _builder_version=&#8221;4.0.1&#8243; text_font=&#8221;PT Serif||||&#8221; text_text_color=&#8221;#888888&#8243; text_font_size=&#8221;24&#8243; background_color=&#8221;#ffffff&#8221; text_orientation=&#8221;center&#8221; module_alignment=&#8221;center&#8221; custom_margin=&#8221;10px||30px|&#8221; hover_enabled=&#8221;0&#8243; link_option_url=&#8221;\/photography\/project\/koyo-poesie-chasse-ephemere\/&#8221;]<\/p>\n<p>K\u014dy\u014d<br \/> po\u00e9sie d&#8217;une chasse \u00e0 l&#8217;\u00e9ph\u00e9m\u00e8re<\/p>\n<p>[\/et_pb_text][\/et_pb_column][et_pb_column type=&#8221;1_2&#8243; _builder_version=&#8221;3.25&#8243; background_color=&#8221;#ffffff&#8221; custom_padding=&#8221;|||&#8221; custom_padding__hover=&#8221;|||&#8221;][et_pb_image src=&#8221;https:\/\/camilledelbos.com\/photography\/wp-content\/uploads\/sites\/2\/2017\/09\/20160514_sans_titre-524.jpg&#8221; url=&#8221;\/photography\/project\/the-struggle-of-kalash-people-for-culture-preservation\/&#8221; use_overlay=&#8221;on&#8221; overlay_icon_color=&#8221;#ffffff&#8221; hover_overlay_color=&#8221;rgba(99,156,188,0.47)&#8221; align=&#8221;center&#8221; force_fullwidth=&#8221;on&#8221; align_tablet=&#8221;center&#8221; align_phone=&#8221;&#8221; align_last_edited=&#8221;on|desktop&#8221; admin_label=&#8221;KALASH&#8221; _builder_version=&#8221;3.23&#8243; animation_direction=&#8221;off&#8221; animation=&#8221;off&#8221; sticky=&#8221;on&#8221; always_center_on_mobile=&#8221;on&#8221;][\/et_pb_image][et_pb_text admin_label=&#8221;ETHNIE \/ FOI&#8221; _builder_version=&#8221;4.0.1&#8243; text_font=&#8221;Montserrat|on|||&#8221; text_text_color=&#8221;#454545&#8243; text_font_size=&#8221;12&#8243; background_color=&#8221;#ffffff&#8221; text_orientation=&#8221;center&#8221; module_alignment=&#8221;center&#8221; custom_margin=&#8221;30px||0px|&#8221; hover_enabled=&#8221;0&#8243; border_style=&#8221;solid&#8221; link_option_url=&#8221;\/photography\/project\/koyo-poesie-chasse-ephemere\/&#8221;]ETHNIE \/ FOI<br \/>\n[\/et_pb_text][et_pb_text admin_label=&#8221;Au pays des Kalashs&#8221; _builder_version=&#8221;4.0.1&#8243; text_font=&#8221;PT Serif||||&#8221; text_text_color=&#8221;#888888&#8243; text_font_size=&#8221;24&#8243; background_color=&#8221;#ffffff&#8221; text_orientation=&#8221;center&#8221; module_alignment=&#8221;center&#8221; custom_margin=&#8221;10px||30px|&#8221; hover_enabled=&#8221;0&#8243; border_style=&#8221;solid&#8221; link_option_url=&#8221;\/photography\/project\/koyo-poesie-chasse-ephemere\/&#8221;]Au pays des Kalashs<br \/>\n[\/et_pb_text][\/et_pb_column][\/et_pb_row][et_pb_row use_custom_gutter=&#8221;on&#8221; gutter_width=&#8221;2&#8243; padding_mobile=&#8221;on&#8221; make_equal=&#8221;on&#8221; column_padding_mobile=&#8221;on&#8221; disabled_on=&#8221;on|on|on&#8221; _builder_version=&#8221;3.25&#8243; background_size=&#8221;initial&#8221; background_position=&#8221;top_left&#8221; background_repeat=&#8221;repeat&#8221; custom_padding=&#8221;33px||0px|&#8221; disabled=&#8221;on&#8221; column_structure=&#8221;1_2,1_2&#8243;][et_pb_column type=&#8221;1_2&#8243; _builder_version=&#8221;3.25&#8243; background_color=&#8221;#ffffff&#8221; custom_padding=&#8221;|||&#8221; custom_padding__hover=&#8221;|||&#8221;][et_pb_image src=&#8221;https:\/\/camilledelbos.com\/photography\/wp-content\/uploads\/sites\/2\/2017\/06\/cd_20150821_ru_irkutsk_20533.jpg&#8221; url=&#8221;\/photography\/recits\/&#8221; use_overlay=&#8221;on&#8221; overlay_icon_color=&#8221;#ffffff&#8221; hover_overlay_color=&#8221;rgba(99,156,188,0.47)&#8221; align=&#8221;center&#8221; force_fullwidth=&#8221;on&#8221; align_tablet=&#8221;center&#8221; align_phone=&#8221;&#8221; align_last_edited=&#8221;on|desktop&#8221; admin_label=&#8221;WHAT THEY EAT&#8221; _builder_version=&#8221;3.23&#8243; animation_direction=&#8221;off&#8221; animation=&#8221;off&#8221; sticky=&#8221;on&#8221; always_center_on_mobile=&#8221;on&#8221;][\/et_pb_image][et_pb_image src=&#8221;https:\/\/camilledelbos.com\/photography\/wp-content\/uploads\/sites\/2\/2017\/08\/cd_20160427_pk_bahawalpur_57436.jpg&#8221; show_in_lightbox=&#8221;on&#8221; use_overlay=&#8221;on&#8221; overlay_icon_color=&#8221;#ffffff&#8221; hover_overlay_color=&#8221;rgba(39,108,242,0.78)&#8221; show_bottom_space=&#8221;off&#8221; align=&#8221;center&#8221; force_fullwidth=&#8221;on&#8221; align_tablet=&#8221;center&#8221; align_phone=&#8221;&#8221; align_last_edited=&#8221;on|desktop&#8221; admin_label=&#8221;Pakistan (Projet en cours)&#8221; _builder_version=&#8221;3.23&#8243; border_style=&#8221;solid&#8221; animation=&#8221;off&#8221; sticky=&#8221;on&#8221; always_center_on_mobile=&#8221;on&#8221;][\/et_pb_image][et_pb_text admin_label=&#8221;PROJET EN COURS&#8221; _builder_version=&#8221;3.27.4&#8243; text_font=&#8221;Montserrat|on|||&#8221; text_text_color=&#8221;#454545&#8243; text_font_size=&#8221;12&#8243; background_color=&#8221;#ffffff&#8221; text_orientation=&#8221;center&#8221; module_alignment=&#8221;center&#8221; custom_margin=&#8221;30px||0px|&#8221; border_style=&#8221;solid&#8221;]PROJET EN COURS<br \/>\n[\/et_pb_text][et_pb_text admin_label=&#8221;Pakistan&#8221; _builder_version=&#8221;3.27.4&#8243; text_font=&#8221;PT Serif||||&#8221; text_text_color=&#8221;#888888&#8243; text_font_size=&#8221;24&#8243; background_color=&#8221;#ffffff&#8221; text_orientation=&#8221;center&#8221; module_alignment=&#8221;center&#8221; custom_margin=&#8221;10px||30px|&#8221; border_style=&#8221;solid&#8221;]Pakistan<br \/>\n[\/et_pb_text][et_pb_text admin_label=&#8221;bient\u00f4t en disponible&#8221; _builder_version=&#8221;3.27.4&#8243; text_font=&#8221;Lato||||&#8221; text_text_color=&#8221;#888888&#8243; text_line_height=&#8221;1em&#8221; header_font_size=&#8221;1px&#8221; background_color=&#8221;#ffffff&#8221; text_orientation=&#8221;center&#8221; module_alignment=&#8221;center&#8221; custom_margin=&#8221;||30px|&#8221; border_style=&#8221;solid&#8221;]bient\u00f4t en disponible<br \/>\n[\/et_pb_text][\/et_pb_column][et_pb_column type=&#8221;1_2&#8243; _builder_version=&#8221;3.25&#8243; background_color=&#8221;#ffffff&#8221; custom_padding=&#8221;|||&#8221; custom_padding__hover=&#8221;|||&#8221;][et_pb_image src=&#8221;https:\/\/camilledelbos.com\/photography\/wp-content\/uploads\/sites\/2\/2017\/08\/20160514_sans_titre-524.jpg&#8221; show_in_lightbox=&#8221;on&#8221; use_overlay=&#8221;on&#8221; overlay_icon_color=&#8221;#ffffff&#8221; hover_overlay_color=&#8221;rgba(99,156,188,0.47)&#8221; align=&#8221;center&#8221; force_fullwidth=&#8221;on&#8221; align_tablet=&#8221;center&#8221; align_phone=&#8221;&#8221; align_last_edited=&#8221;on|desktop&#8221; admin_label=&#8221;KALASH&#8221; _builder_version=&#8221;3.23&#8243; animation_direction=&#8221;off&#8221; animation=&#8221;off&#8221; sticky=&#8221;on&#8221; always_center_on_mobile=&#8221;on&#8221;][\/et_pb_image][et_pb_text admin_label=&#8221;ETHNIE \/ FOI&#8221; _builder_version=&#8221;3.27.4&#8243; text_font=&#8221;Montserrat|on|||&#8221; text_text_color=&#8221;#454545&#8243; text_font_size=&#8221;12&#8243; background_color=&#8221;#ffffff&#8221; text_orientation=&#8221;center&#8221; module_alignment=&#8221;center&#8221; custom_margin=&#8221;30px||0px|&#8221; border_style=&#8221;solid&#8221;]ETHNIE \/ FOI<br \/>\n[\/et_pb_text][et_pb_text admin_label=&#8221;Au pays des Kalashs&#8221; _builder_version=&#8221;3.27.4&#8243; text_font=&#8221;PT Serif||||&#8221; text_text_color=&#8221;#888888&#8243; text_font_size=&#8221;24&#8243; background_color=&#8221;#ffffff&#8221; text_orientation=&#8221;center&#8221; module_alignment=&#8221;center&#8221; custom_margin=&#8221;10px||30px|&#8221; border_style=&#8221;solid&#8221;]Au pays des Kalashs<br \/>\n[\/et_pb_text][et_pb_text admin_label=&#8221;bient\u00f4t en disponible&#8221; _builder_version=&#8221;3.27.4&#8243; text_font=&#8221;Lato||||&#8221; text_text_color=&#8221;#888888&#8243; text_line_height=&#8221;1em&#8221; header_font_size=&#8221;1px&#8221; background_color=&#8221;#ffffff&#8221; text_orientation=&#8221;center&#8221; module_alignment=&#8221;center&#8221; custom_margin=&#8221;||30px|&#8221; border_style=&#8221;solid&#8221;]bient\u00f4t en disponible<br \/>\n[\/et_pb_text][\/et_pb_column][\/et_pb_row][\/et_pb_section]<\/p>\n","protected":false},"excerpt":{"rendered":"<p>La refonte actuelle du site me permet de vous offrir une exp\u00e9rience plus immersive dans les sujets couverts, alors c&#8217;est promis, je me d\u00e9p\u00eache de mettre en ligne les histoires et reportages de l\u2019autre bout du monde. Vous pourrez retrouver progressivement de nouveaux reportages, une galerie photo qui fait peau neuve et quelques nouveaut\u00e9s qui [&hellip;]<\/p>\n","protected":false},"author":1,"featured_media":0,"parent":0,"menu_order":0,"comment_status":"closed","ping_status":"open","template":"","meta":{"_et_pb_use_builder":"on","_et_pb_old_content":"","_et_gb_content_width":"","footnotes":""},"class_list":["post-26201","page","type-page","status-publish","hentry"],"_links":{"self":[{"href":"https:\/\/camilledelbos.com\/photography\/wp-json\/wp\/v2\/pages\/26201","targetHints":{"allow":["GET"]}}],"collection":[{"href":"https:\/\/camilledelbos.com\/photography\/wp-json\/wp\/v2\/pages"}],"about":[{"href":"https:\/\/camilledelbos.com\/photography\/wp-json\/wp\/v2\/types\/page"}],"author":[{"embeddable":true,"href":"https:\/\/camilledelbos.com\/photography\/wp-json\/wp\/v2\/users\/1"}],"replies":[{"embeddable":true,"href":"https:\/\/camilledelbos.com\/photography\/wp-json\/wp\/v2\/comments?post=26201"}],"version-history":[{"count":33,"href":"https:\/\/camilledelbos.com\/photography\/wp-json\/wp\/v2\/pages\/26201\/revisions"}],"predecessor-version":[{"id":54018,"href":"https:\/\/camilledelbos.com\/photography\/wp-json\/wp\/v2\/pages\/26201\/revisions\/54018"}],"wp:attachment":[{"href":"https:\/\/camilledelbos.com\/photography\/wp-json\/wp\/v2\/media?parent=26201"}],"curies":[{"name":"wp","href":"https:\/\/api.w.org\/{rel}","templated":true}]}}