
{"id":26172,"date":"2017-04-19T13:17:36","date_gmt":"2017-04-19T12:17:36","guid":{"rendered":"https:\/\/camilledelbos.com\/photography\/?page_id=26172"},"modified":"2019-10-03T21:21:25","modified_gmt":"2019-10-03T20:21:25","slug":"galerie","status":"publish","type":"page","link":"https:\/\/camilledelbos.com\/photography\/galerie\/","title":{"rendered":"La galerie"},"content":{"rendered":"<p>[et_pb_section fb_built=&#8221;1&#8243; admin_label=&#8221;section&#8221; _builder_version=&#8221;3.22&#8243; background_color=&#8221;rgba(255,255,255,0)&#8221; animation_style=&#8221;fade&#8221; transparent_background=&#8221;on&#8221; bb_built=&#8221;1&#8243; _i=&#8221;0&#8243; _address=&#8221;0&#8243;][et_pb_row _builder_version=&#8221;3.25&#8243; background_size=&#8221;initial&#8221; background_position=&#8221;top_left&#8221; background_repeat=&#8221;repeat&#8221; disabled=&#8221;on&#8221; disabled_on=&#8221;on|on|on&#8221; _i=&#8221;0&#8243; _address=&#8221;0.0&#8243; column_structure=&#8221;1_2,1_2&#8243;][et_pb_column type=&#8221;1_2&#8243; _builder_version=&#8221;3.25&#8243; custom_padding=&#8221;|||&#8221; _i=&#8221;0&#8243; _address=&#8221;0.0.0&#8243; custom_padding__hover=&#8221;|||&#8221;][et_pb_text _builder_version=&#8221;3.27.4&#8243; background_size=&#8221;initial&#8221; background_position=&#8221;top_left&#8221; background_repeat=&#8221;repeat&#8221; module_alignment=&#8221;left&#8221; use_border_color=&#8221;off&#8221; border_color=&#8221;#ffffff&#8221; border_style=&#8221;solid&#8221; _i=&#8221;0&#8243; _address=&#8221;0.0.0.0&#8243;][et_bloom_inline optin_id=optin_2]<br \/>\n[\/et_pb_text][et_pb_text _builder_version=&#8221;3.27.4&#8243; background_size=&#8221;initial&#8221; background_position=&#8221;top_left&#8221; background_repeat=&#8221;repeat&#8221; module_alignment=&#8221;left&#8221; use_border_color=&#8221;off&#8221; border_color=&#8221;#ffffff&#8221; border_style=&#8221;solid&#8221; _i=&#8221;1&#8243; _address=&#8221;0.0.0.1&#8243;]<\/p>\n<h2>Hop Hop ! C&#8217;est en cours !<\/h2>\n<p>La refonte actuelle du site me permet de vous offrir une exp\u00e9rience plus immersive dans les sujets couverts, alors \u00a0c&#8217;est promis, je me d\u00e9p\u00eache de mettre en ligne les\u00a0histoires et reportages de l\u2019autre bout du monde.<\/p>\n<p>Vous pourrez retrouver progressivement de nouveaux reportages, une galerie photo qui fait peau neuve\u00a0et quelques nouveaut\u00e9s qui pourraient vous int\u00e9resser !<\/p>\n<p>Pour rester inform\u00e9, laissez moi votre adresse, je vous enverrai un petit mail pour vous avertir d\u00e8s que ce sera en pr\u00eat.<\/p>\n<p>Merci,<br \/>\n[\/et_pb_text][\/et_pb_column][et_pb_column type=&#8221;1_2&#8243; _builder_version=&#8221;3.25&#8243; custom_padding=&#8221;|||&#8221; _i=&#8221;1&#8243; _address=&#8221;0.0.1&#8243; custom_padding__hover=&#8221;|||&#8221;][et_pb_text _builder_version=&#8221;3.27.4&#8243; background_size=&#8221;initial&#8221; background_position=&#8221;top_left&#8221; background_repeat=&#8221;repeat&#8221; module_alignment=&#8221;left&#8221; use_border_color=&#8221;off&#8221; border_color=&#8221;#ffffff&#8221; border_style=&#8221;solid&#8221; _i=&#8221;0&#8243; _address=&#8221;0.0.1.0&#8243;][\/et_pb_text][\/et_pb_column][\/et_pb_row][et_pb_row admin_label=&#8221;row&#8221; _builder_version=&#8221;3.25&#8243; background_color=&#8221;rgba(0,172,187,0.83)&#8221; background_size=&#8221;initial&#8221; background_position=&#8221;top_left&#8221; background_repeat=&#8221;repeat&#8221; custom_padding=&#8221;|20px||20px&#8221; make_fullwidth=&#8221;off&#8221; use_custom_width=&#8221;off&#8221; width_unit=&#8221;on&#8221; disabled=&#8221;on&#8221; disabled_on=&#8221;on|on|on&#8221; _i=&#8221;1&#8243; _address=&#8221;0.1&#8243; column_structure=&#8221;2_3,1_3&#8243;][et_pb_column type=&#8221;2_3&#8243; _builder_version=&#8221;3.25&#8243; custom_padding=&#8221;|||&#8221; _i=&#8221;0&#8243; _address=&#8221;0.1.0&#8243; custom_padding__hover=&#8221;|||&#8221;][et_pb_text _builder_version=&#8221;3.27.4&#8243; background_size=&#8221;initial&#8221; background_position=&#8221;top_left&#8221; background_repeat=&#8221;repeat&#8221; background_layout=&#8221;dark&#8221; module_alignment=&#8221;left&#8221; use_border_color=&#8221;off&#8221; border_color=&#8221;#ffffff&#8221; border_style=&#8221;solid&#8221; _i=&#8221;0&#8243; _address=&#8221;0.1.0.0&#8243;]<\/p>\n<h2>Hop Hop ! Ici la peinture est en cours !<\/h2>\n<p>&nbsp;<\/p>\n<p>Quelques parties du site sont actuellement recompos\u00e9es pour vous offrir, je l&#8217;esp\u00e8re, une\u00a0exp\u00e9rience des plus agr\u00e9able.<\/p>\n<p>Vous pourrez retrouver progressivement de nouveaux reportages,\u00a0une galerie photo toute fra\u00eeche et quelques nouveaut\u00e9s qui pourraient vous int\u00e9resser.<\/p>\n<p class=\"\">Pour rester\u00a0inform\u00e9, laissez moi votre adresse, je vous enverrai un petit mail pour vous avertir de la\u00a0nouvelle version de cette section.<\/p>\n<p class=\"\" style=\"text-align: right;\"><em>Camille Delbos<\/em><\/p>\n<p>[\/et_pb_text][\/et_pb_column][et_pb_column type=&#8221;1_3&#8243; _builder_version=&#8221;3.25&#8243; custom_padding=&#8221;|||&#8221; _i=&#8221;1&#8243; _address=&#8221;0.1.1&#8243; custom_padding__hover=&#8221;|||&#8221;][et_pb_text _builder_version=&#8221;3.27.4&#8243; background_size=&#8221;initial&#8221; background_position=&#8221;top_left&#8221; background_repeat=&#8221;repeat&#8221; background_layout=&#8221;dark&#8221; module_alignment=&#8221;left&#8221; use_border_color=&#8221;off&#8221; border_color=&#8221;#ffffff&#8221; border_style=&#8221;solid&#8221; _i=&#8221;0&#8243; _address=&#8221;0.1.1.0&#8243;]<\/p>\n<h1><!-- Begin MailChimp Signup Form -->Restez inform\u00e9 !<\/h1>\n<div id=\"mc_embed_signup\">\n<form id=\"mc-embedded-subscribe-form\" class=\"validate\" action=\"\/\/camilledelbos.us3.list-manage.com\/subscribe\/post?u=9661e17c93fb11262381dbcc7&amp;id=ebd6884a5c\" method=\"post\" name=\"mc-embedded-subscribe-form\" novalidate=\"novalidate\" target=\"_blank\">\n<div id=\"mc_embed_signup_scroll\">\n<div class=\"indicates-required\"><span class=\"asterisk\">*<\/span> indicates required<\/div>\n<div class=\"mc-field-group\"><label for=\"mce-EMAIL\">Email <span class=\"asterisk\">*<\/span><br \/>\n<\/label><br \/>\n<input id=\"mce-EMAIL\" class=\"required email\" name=\"EMAIL\" type=\"email\" value=\"\" \/><\/div>\n<p>&nbsp;<\/p>\n<div class=\"mc-field-group\"><label for=\"mce-FNAME\">Pr\u00e9nom \/\/ Firstname <span class=\"asterisk\">*<\/span><br \/>\n<\/label><br \/>\n<input id=\"mce-FNAME\" class=\"required\" name=\"FNAME\" type=\"text\" value=\"\" \/><\/div>\n<p>&nbsp;<\/p>\n<div class=\"mc-field-group\"><label for=\"mce-LNAME\">Nom \/\/ Lastname <span class=\"asterisk\">*<\/span><br \/>\n<\/label><br \/>\n<input id=\"mce-LNAME\" class=\"required\" name=\"LNAME\" type=\"text\" value=\"\" \/><\/div>\n<p>&nbsp;<\/p>\n<div id=\"mce-responses\" class=\"clear\"><\/div>\n<p><!-- real people should not fill this in and expect good things - do not remove this or risk form bot signups--><\/p>\n<div style=\"position: absolute; left: -5000px;\"><input tabindex=\"-1\" name=\"b_9661e17c93fb11262381dbcc7_ebd6884a5c\" type=\"text\" value=\"\" \/><\/div>\n<div class=\"clear\"><input id=\"mc-embedded-subscribe\" class=\"button\" name=\"Tenez-moi inform\u00e9\" type=\"submit\" value=\"Subscribe\" \/><\/div>\n<\/div>\n<\/form>\n<\/div>\n<p><!--End mc_embed_signup--><br \/>\n[\/et_pb_text][\/et_pb_column][\/et_pb_row][et_pb_row _builder_version=&#8221;3.25&#8243; background_size=&#8221;initial&#8221; background_position=&#8221;top_left&#8221; background_repeat=&#8221;repeat&#8221; disabled=&#8221;on&#8221; disabled_on=&#8221;on|on|on&#8221; _i=&#8221;2&#8243; _address=&#8221;0.2&#8243; column_structure=&#8221;1_4,3_4&#8243;][et_pb_column type=&#8221;1_4&#8243; _builder_version=&#8221;3.25&#8243; custom_padding=&#8221;|||&#8221; _i=&#8221;0&#8243; _address=&#8221;0.2.0&#8243; custom_padding__hover=&#8221;|||&#8221;][et_pb_sidebar area=&#8221;sidebar-1&#8243; show_border=&#8221;off&#8221; _builder_version=&#8221;3.0.74&#8243; remove_border=&#8221;on&#8221; _i=&#8221;0&#8243; _address=&#8221;0.2.0.0&#8243;][\/et_pb_sidebar][\/et_pb_column][et_pb_column type=&#8221;3_4&#8243; _builder_version=&#8221;3.25&#8243; custom_padding=&#8221;|||&#8221; _i=&#8221;1&#8243; _address=&#8221;0.2.1&#8243; custom_padding__hover=&#8221;|||&#8221;][et_pb_nextend_smart_slider_3 slider=&#8221;3&#8243; _builder_version=&#8221;3.0.47&#8243; _i=&#8221;0&#8243; _address=&#8221;0.2.1.0&#8243;][\/et_pb_nextend_smart_slider_3][\/et_pb_column][\/et_pb_row][et_pb_row module_class=&#8221; et_pb_row_fullwidth&#8221; _builder_version=&#8221;3.25&#8243; background_size=&#8221;initial&#8221; background_position=&#8221;top_left&#8221; background_repeat=&#8221;repeat&#8221; width=&#8221;89%&#8221; width_tablet=&#8221;80%&#8221; width_last_edited=&#8221;on|desktop&#8221; max_width=&#8221;89%&#8221; max_width_tablet=&#8221;80%&#8221; max_width_last_edited=&#8221;on|desktop&#8221; make_fullwidth=&#8221;on&#8221; _i=&#8221;3&#8243; _address=&#8221;0.3&#8243;][et_pb_column type=&#8221;4_4&#8243; _builder_version=&#8221;3.25&#8243; custom_padding=&#8221;|||&#8221; _i=&#8221;0&#8243; _address=&#8221;0.3.0&#8243; custom_padding__hover=&#8221;|||&#8221;][et_pb_gallery gallery_ids=&#8221;30014,30016,30019,30021,27054,30024,27796,30028,30030,26369,30033,30035,30037,30039,30041,30043,30045,27753,30048&#8243; posts_number=&#8221;300&#8243; show_title_and_caption=&#8221;off&#8221; show_pagination=&#8221;off&#8221; zoom_icon_color=&#8221;#ffffff&#8221; _builder_version=&#8221;3.0.86&#8243; background_layout=&#8221;dark&#8221; animation_style=&#8221;fade&#8221; auto_speed=&#8221;5000&#8243; pagination_font_size_tablet=&#8221;51&#8243; pagination_line_height_tablet=&#8221;2&#8243; saved_tabs=&#8221;all&#8221; _i=&#8221;0&#8243; _address=&#8221;0.3.0.0&#8243;][\/et_pb_gallery][\/et_pb_column][\/et_pb_row][\/et_pb_section][et_pb_section fb_built=&#8221;1&#8243; _builder_version=&#8221;3.22&#8243; animation_style=&#8221;fold&#8221; disabled=&#8221;on&#8221; disabled_on=&#8221;on|on|on&#8221; bb_built=&#8221;1&#8243; _i=&#8221;1&#8243; _address=&#8221;1&#8243;][et_pb_row _builder_version=&#8221;3.25&#8243; background_size=&#8221;initial&#8221; background_position=&#8221;top_left&#8221; background_repeat=&#8221;repeat&#8221; _i=&#8221;0&#8243; _address=&#8221;1.0&#8243; column_structure=&#8221;3_4,1_4&#8243;][et_pb_column type=&#8221;3_4&#8243; _builder_version=&#8221;3.25&#8243; custom_padding=&#8221;|||&#8221; _i=&#8221;0&#8243; _address=&#8221;1.0.0&#8243; custom_padding__hover=&#8221;|||&#8221;][et_pb_text _builder_version=&#8221;3.27.4&#8243; module_alignment=&#8221;left&#8221; border_style=&#8221;solid&#8221; _i=&#8221;0&#8243; _address=&#8221;1.0.0.0&#8243;]Collections<br \/>\n[\/et_pb_text][et_pb_post_slider include_categories=&#8221;202,177,109,354,209&#8243; orderby=&#8221;rand&#8221; show_more_button=&#8221;off&#8221; use_manual_excerpt=&#8221;off&#8221; show_meta=&#8221;off&#8221; use_text_overlay=&#8221;off&#8221; _builder_version=&#8221;3.16&#8243; background_color=&#8221;#2ea3f2&#8243; box_shadow_style=&#8221;preset6&#8243; box_shadow_blur=&#8221;10px&#8221; box_shadow_color=&#8221;rgba(0,0,0,0.1)&#8221; show_inner_shadow=&#8221;on&#8221; _i=&#8221;1&#8243; _address=&#8221;1.0.0.1&#8243; button_text_size__hover_enabled=&#8221;off&#8221; button_one_text_size__hover_enabled=&#8221;off&#8221; button_two_text_size__hover_enabled=&#8221;off&#8221; button_text_color__hover_enabled=&#8221;off&#8221; button_one_text_color__hover_enabled=&#8221;off&#8221; button_two_text_color__hover_enabled=&#8221;off&#8221; button_border_width__hover_enabled=&#8221;off&#8221; button_one_border_width__hover_enabled=&#8221;off&#8221; button_two_border_width__hover_enabled=&#8221;off&#8221; button_border_color__hover_enabled=&#8221;off&#8221; button_one_border_color__hover_enabled=&#8221;off&#8221; button_two_border_color__hover_enabled=&#8221;off&#8221; button_border_radius__hover_enabled=&#8221;off&#8221; button_one_border_radius__hover_enabled=&#8221;off&#8221; button_two_border_radius__hover_enabled=&#8221;off&#8221; button_letter_spacing__hover_enabled=&#8221;off&#8221; button_one_letter_spacing__hover_enabled=&#8221;off&#8221; button_two_letter_spacing__hover_enabled=&#8221;off&#8221; button_bg_color__hover_enabled=&#8221;off&#8221; button_one_bg_color__hover_enabled=&#8221;off&#8221; button_two_bg_color__hover_enabled=&#8221;off&#8221;][\/et_pb_post_slider][\/et_pb_column][et_pb_column type=&#8221;1_4&#8243; _builder_version=&#8221;3.25&#8243; custom_padding=&#8221;|||&#8221; _i=&#8221;1&#8243; _address=&#8221;1.0.1&#8243; custom_padding__hover=&#8221;|||&#8221;][et_pb_text _builder_version=&#8221;3.27.4&#8243; module_alignment=&#8221;left&#8221; border_style=&#8221;solid&#8221; disabled=&#8221;on&#8221; disabled_on=&#8221;on|on|on&#8221; _i=&#8221;0&#8243; _address=&#8221;1.0.1.0&#8243;]T\u00e9l\u00e9charger le portfolio<br \/>\n[\/et_pb_text][et_pb_toggle title=&#8221;ONG &#038; Documentaire&#8221; admin_label=&#8221;Portfolio ONG &#038; Documentaire&#8221; _builder_version=&#8221;3.0.87&#8243; border_style=&#8221;solid&#8221; disabled=&#8221;on&#8221; disabled_on=&#8221;on|on|on&#8221; _i=&#8221;1&#8243; _address=&#8221;1.0.1.1&#8243;]<a id=\"download\"><\/a>T\u00e9l\u00e9charger<br \/>\n[\/et_pb_toggle][et_pb_toggle title=&#8221;Voyage&#8221; admin_label=&#8221;Portfolio Voyage&#8221; _builder_version=&#8221;3.0.87&#8243; border_style=&#8221;solid&#8221; disabled=&#8221;on&#8221; disabled_on=&#8221;on|on|on&#8221; _i=&#8221;2&#8243; _address=&#8221;1.0.1.2&#8243;]T\u00e9l\u00e9charger<br \/>\n[\/et_pb_toggle][et_pb_toggle title=&#8221;PR &#038; \u00c9v\u00e8nements&#8221; admin_label=&#8221;Portfolio PR &#038; \u00c9v\u00e8nements&#8221; _builder_version=&#8221;3.0.87&#8243; border_style=&#8221;solid&#8221; disabled=&#8221;on&#8221; disabled_on=&#8221;on|on|on&#8221; _i=&#8221;3&#8243; _address=&#8221;1.0.1.3&#8243;]T\u00e9l\u00e9charger<br \/>\n[\/et_pb_toggle][et_pb_toggle title=&#8221;G\u00e9n\u00e9ral&#8221; admin_label=&#8221;Portfolio G\u00e9n\u00e9ral&#8221; _builder_version=&#8221;3.0.87&#8243; border_style=&#8221;solid&#8221; disabled=&#8221;on&#8221; disabled_on=&#8221;on|on|on&#8221; _i=&#8221;4&#8243; _address=&#8221;1.0.1.4&#8243;]T\u00e9l\u00e9charger<br \/>\n[\/et_pb_toggle][\/et_pb_column][\/et_pb_row][\/et_pb_section][et_pb_section fb_built=&#8221;1&#8243; custom_padding_last_edited=&#8221;on|desktop&#8221; _builder_version=&#8221;3.22&#8243; background_color=&#8221;#f9f9f9&#8243; background_image=&#8221;https:\/\/camilledelbos.com\/photography\/wp-content\/uploads\/sites\/2\/2017\/06\/20160730_pk-shimshal-78.jpg&#8221; custom_padding_tablet=&#8221;50px|0|50px|0&#8243; disabled_on=&#8221;on|on|off&#8221; bb_built=&#8221;1&#8243; _i=&#8221;2&#8243; _address=&#8221;2&#8243;][et_pb_row padding_mobile=&#8221;on&#8221; column_padding_mobile=&#8221;on&#8221; _builder_version=&#8221;3.25&#8243; use_background_color_gradient=&#8221;on&#8221; background_color_gradient_start=&#8221;rgba(255,255,255,0.81)&#8221; background_color_gradient_end=&#8221;rgba(255,255,255,0.81)&#8221; background_color_gradient_direction=&#8221;352deg&#8221; background_size=&#8221;initial&#8221; background_position=&#8221;top_left&#8221; background_repeat=&#8221;repeat&#8221; custom_padding=&#8221;68px|||&#8221; _i=&#8221;0&#8243; _address=&#8221;2.0&#8243;][et_pb_column type=&#8221;4_4&#8243; _builder_version=&#8221;3.25&#8243; custom_padding=&#8221;|||&#8221; _i=&#8221;0&#8243; _address=&#8221;2.0.0&#8243; custom_padding__hover=&#8221;|||&#8221;][et_pb_text admin_label=&#8221;Immersion dans des histoires singuli\u00e8res&#8221; _builder_version=&#8221;3.27.4&#8243; text_font=&#8221;Montserrat|on|||&#8221; text_text_color=&#8221;#454545&#8243; text_font_size=&#8221;48&#8243; text_line_height=&#8221;1.2em&#8221; text_orientation=&#8221;center&#8221; module_alignment=&#8221;center&#8221; custom_margin=&#8221;||0px|&#8221; text_font_size_tablet=&#8221;36&#8243; text_font_size_last_edited=&#8221;on|tablet&#8221; border_style=&#8221;solid&#8221; _i=&#8221;0&#8243; _address=&#8221;2.0.0.0&#8243;]Immersion au coeur d&#8217;histoires singuli\u00e8res<br \/>\n[\/et_pb_text][et_pb_text _builder_version=&#8221;3.27.4&#8243; text_font=&#8221;PT Serif||||&#8221; text_text_color=&#8221;#888888&#8243; text_font_size=&#8221;24&#8243; text_line_height=&#8221;1.4em&#8221; text_orientation=&#8221;center&#8221; max_width=&#8221;620px&#8221; module_alignment=&#8221;center&#8221; custom_margin=&#8221;10px|||&#8221; border_style=&#8221;solid&#8221; _i=&#8221;1&#8243; _address=&#8221;2.0.0.1&#8243;]Le temps d&#8217;une histoire, partagez des vies d&#8217;ailleurs, d\u00e9couvrez des cultures et environnements en mutation et laissez vous captiver par des paysages envo\u00fbtant.<br \/>\n[\/et_pb_text][et_pb_cta button_url=&#8221;https:\/\/camilledelbos.com\/photography\/fr\/recits\/&#8221; button_text=&#8221;D\u00e9couvrir les r\u00e9cits&#8221; admin_label=&#8221;Acc\u00e8s R\u00e9cits&#8221; _builder_version=&#8221;3.16&#8243; header_font=&#8221;Raleway|on|||&#8221; header_text_color=&#8221;#ffffff&#8221; header_font_size=&#8221;92&#8243; header_line_height=&#8221;1.2em&#8221; body_font=&#8221;Raleway||||&#8221; body_text_color=&#8221;#dddddd&#8221; body_font_size=&#8221;24&#8243; use_background_color=&#8221;off&#8221; background_layout=&#8221;light&#8221; header_font_size_tablet=&#8221;32&#8243; header_font_size_last_edited=&#8221;on|tablet&#8221; border_style=&#8221;solid&#8221; button_letter_spacing_hover=&#8221;0&#8243; _i=&#8221;2&#8243; _address=&#8221;2.0.0.2&#8243; button_text_size__hover_enabled=&#8221;off&#8221; button_one_text_size__hover_enabled=&#8221;off&#8221; button_two_text_size__hover_enabled=&#8221;off&#8221; button_text_color__hover_enabled=&#8221;off&#8221; button_one_text_color__hover_enabled=&#8221;off&#8221; button_two_text_color__hover_enabled=&#8221;off&#8221; button_border_width__hover_enabled=&#8221;off&#8221; button_one_border_width__hover_enabled=&#8221;off&#8221; button_two_border_width__hover_enabled=&#8221;off&#8221; button_border_color__hover_enabled=&#8221;off&#8221; button_one_border_color__hover_enabled=&#8221;off&#8221; button_two_border_color__hover_enabled=&#8221;off&#8221; button_border_radius__hover_enabled=&#8221;off&#8221; button_one_border_radius__hover_enabled=&#8221;off&#8221; button_two_border_radius__hover_enabled=&#8221;off&#8221; button_letter_spacing__hover_enabled=&#8221;on&#8221; button_letter_spacing__hover=&#8221;0&#8243; button_one_letter_spacing__hover_enabled=&#8221;off&#8221; button_two_letter_spacing__hover_enabled=&#8221;off&#8221; button_bg_color__hover_enabled=&#8221;off&#8221; button_one_bg_color__hover_enabled=&#8221;off&#8221; button_two_bg_color__hover_enabled=&#8221;off&#8221;][\/et_pb_cta][\/et_pb_column][\/et_pb_row][\/et_pb_section]<\/p>\n","protected":false},"excerpt":{"rendered":"<p>[et_bloom_inline optin_id=optin_2] Hop Hop ! C&#8217;est en cours ! La refonte actuelle du site me permet de vous offrir une exp\u00e9rience plus immersive dans les sujets couverts, alors \u00a0c&#8217;est promis, je me d\u00e9p\u00eache de mettre en ligne les\u00a0histoires et reportages de l\u2019autre bout du monde. Vous pourrez retrouver progressivement de nouveaux reportages, une galerie photo [&hellip;]<\/p>\n","protected":false},"author":1,"featured_media":0,"parent":0,"menu_order":0,"comment_status":"closed","ping_status":"open","template":"","meta":{"_et_pb_use_builder":"on","_et_pb_old_content":"","_et_gb_content_width":"","footnotes":""},"class_list":["post-26172","page","type-page","status-publish","hentry"],"_links":{"self":[{"href":"https:\/\/camilledelbos.com\/photography\/wp-json\/wp\/v2\/pages\/26172","targetHints":{"allow":["GET"]}}],"collection":[{"href":"https:\/\/camilledelbos.com\/photography\/wp-json\/wp\/v2\/pages"}],"about":[{"href":"https:\/\/camilledelbos.com\/photography\/wp-json\/wp\/v2\/types\/page"}],"author":[{"embeddable":true,"href":"https:\/\/camilledelbos.com\/photography\/wp-json\/wp\/v2\/users\/1"}],"replies":[{"embeddable":true,"href":"https:\/\/camilledelbos.com\/photography\/wp-json\/wp\/v2\/comments?post=26172"}],"version-history":[{"count":37,"href":"https:\/\/camilledelbos.com\/photography\/wp-json\/wp\/v2\/pages\/26172\/revisions"}],"predecessor-version":[{"id":53593,"href":"https:\/\/camilledelbos.com\/photography\/wp-json\/wp\/v2\/pages\/26172\/revisions\/53593"}],"wp:attachment":[{"href":"https:\/\/camilledelbos.com\/photography\/wp-json\/wp\/v2\/media?parent=26172"}],"curies":[{"name":"wp","href":"https:\/\/api.w.org\/{rel}","templated":true}]}}