
{"id":171,"date":"2015-05-20T22:10:55","date_gmt":"2015-05-20T21:10:55","guid":{"rendered":"http:\/\/camilledelbos.com\/photography\/about-contact\/"},"modified":"2017-04-16T17:30:02","modified_gmt":"2017-04-16T16:30:02","slug":"contact","status":"publish","type":"page","link":"https:\/\/camilledelbos.com\/photography\/contact\/","title":{"rendered":"Contact"},"content":{"rendered":"<p>[et_pb_section bb_built=&#8221;1&#8243; admin_label=&#8221;section&#8221;][et_pb_row admin_label=&#8221;row&#8221;][et_pb_column type=&#8221;2_3&#8243;][et_pb_contact_form admin_label=&#8221;Formulaire de contact&#8221; captcha=&#8221;on&#8221; email=&#8221;hello@camille.delbos.com&#8221; title=&#8221;Contact&#8221; use_redirect=&#8221;off&#8221; input_border_radius=&#8221;0&#8243; use_border_color=&#8221;off&#8221; border_color=&#8221;#ffffff&#8221; border_style=&#8221;solid&#8221; custom_button=&#8221;off&#8221; button_letter_spacing=&#8221;0&#8243; button_use_icon=&#8221;default&#8221; button_icon_placement=&#8221;right&#8221; button_on_hover=&#8221;on&#8221; button_letter_spacing_hover=&#8221;0&#8243; success_message=&#8221;Merci ! Votre message \u00e0 bien \u00e9t\u00e9 envoy\u00e9. Il est fr\u00e9quent que ma connexion soit limit\u00e9e lorsque je voyage, je ferai au mieux pour vous r\u00e9pondre rapidement.&#8221;] [et_pb_contact_field field_id=&#8221;Firstname&#8221; field_title=&#8221;Pr\u00e9nom&#8221; field_type=&#8221;input&#8221; required_mark=&#8221;on&#8221; fullwidth_field=&#8221;off&#8221; form_field_font_select=&#8221;default&#8221; form_field_font=&#8221;||||&#8221; use_border_color=&#8221;off&#8221; border_style=&#8221;solid&#8221; \/][et_pb_contact_field field_title=&#8221;Nom&#8221; field_type=&#8221;input&#8221; field_id=&#8221;Name&#8221; required_mark=&#8221;on&#8221; fullwidth_field=&#8221;off&#8221; form_field_font_select=&#8221;default&#8221; form_field_font=&#8221;||||&#8221; use_border_color=&#8221;off&#8221; border_style=&#8221;solid&#8221; \/][et_pb_contact_field field_title=&#8221;Adresse e-mail&#8221; field_type=&#8221;email&#8221; field_id=&#8221;Email&#8221; required_mark=&#8221;on&#8221; fullwidth_field=&#8221;on&#8221; form_field_font_select=&#8221;default&#8221; form_field_font=&#8221;||||&#8221; use_border_color=&#8221;off&#8221; border_style=&#8221;solid&#8221; \/][et_pb_contact_field field_id=&#8221;Subject&#8221; field_title=&#8221;Sujet&#8221; field_type=&#8221;input&#8221; required_mark=&#8221;on&#8221; fullwidth_field=&#8221;on&#8221; form_field_font_select=&#8221;default&#8221; form_field_font=&#8221;||||&#8221; use_border_color=&#8221;off&#8221; border_style=&#8221;solid&#8221; \/][et_pb_contact_field field_title=&#8221;Message&#8221; field_type=&#8221;text&#8221; field_id=&#8221;Message&#8221; required_mark=&#8221;on&#8221; fullwidth_field=&#8221;on&#8221; \/] [\/et_pb_contact_form][\/et_pb_column][et_pb_column type=&#8221;1_3&#8243;][et_pb_social_media_follow admin_label=&#8221;Suivez-moi sur les r\u00e9seaux sociaux&#8221; link_shape=&#8221;rounded_rectangle&#8221; background_layout=&#8221;light&#8221; url_new_window=&#8221;off&#8221; follow_button=&#8221;on&#8221;] [et_pb_social_media_follow_network social_network=&#8221;instagram&#8221; url=&#8221;https:\/\/www.instagram.com\/camille_delbos\/&#8221; skype_action=&#8221;call&#8221; bg_color=&#8221;#00acbb&#8221;] Instagram [\/et_pb_social_media_follow_network][et_pb_social_media_follow_network social_network=&#8221;facebook&#8221; url=&#8221;https:\/\/www.facebook.com\/delbosphoto&#8221; skype_action=&#8221;call&#8221; bg_color=&#8221;#639cbc&#8221;] Facebook [\/et_pb_social_media_follow_network][et_pb_social_media_follow_network social_network=&#8221;linkedin&#8221; url=&#8221;https:\/\/fr.linkedin.com\/in\/camilledelbos&#8221; skype_action=&#8221;call&#8221; bg_color=&#8221;#bcb921&#8243;] LinkedIn [\/et_pb_social_media_follow_network] [\/et_pb_social_media_follow][\/et_pb_column][\/et_pb_row][\/et_pb_section]<\/p>\n","protected":false},"excerpt":{"rendered":"","protected":false},"author":1,"featured_media":0,"parent":0,"menu_order":0,"comment_status":"open","ping_status":"open","template":"","meta":{"_et_pb_use_builder":"on","_et_pb_old_content":"","_et_gb_content_width":"","footnotes":""},"class_list":["post-171","page","type-page","status-publish","hentry"],"_links":{"self":[{"href":"https:\/\/camilledelbos.com\/photography\/wp-json\/wp\/v2\/pages\/171","targetHints":{"allow":["GET"]}}],"collection":[{"href":"https:\/\/camilledelbos.com\/photography\/wp-json\/wp\/v2\/pages"}],"about":[{"href":"https:\/\/camilledelbos.com\/photography\/wp-json\/wp\/v2\/types\/page"}],"author":[{"embeddable":true,"href":"https:\/\/camilledelbos.com\/photography\/wp-json\/wp\/v2\/users\/1"}],"replies":[{"embeddable":true,"href":"https:\/\/camilledelbos.com\/photography\/wp-json\/wp\/v2\/comments?post=171"}],"version-history":[{"count":7,"href":"https:\/\/camilledelbos.com\/photography\/wp-json\/wp\/v2\/pages\/171\/revisions"}],"predecessor-version":[{"id":26006,"href":"https:\/\/camilledelbos.com\/photography\/wp-json\/wp\/v2\/pages\/171\/revisions\/26006"}],"wp:attachment":[{"href":"https:\/\/camilledelbos.com\/photography\/wp-json\/wp\/v2\/media?parent=171"}],"curies":[{"name":"wp","href":"https:\/\/api.w.org\/{rel}","templated":true}]}}