
{"id":1536,"date":"2016-06-07T17:16:06","date_gmt":"2016-06-07T16:16:06","guid":{"rendered":"http:\/\/camilledelbos.com\/photography\/?page_id=1536"},"modified":"2018-11-02T21:33:31","modified_gmt":"2018-11-02T20:33:31","slug":"a-propos","status":"publish","type":"page","link":"https:\/\/camilledelbos.com\/photography\/a-propos\/","title":{"rendered":"A propos"},"content":{"rendered":"<p>[et_pb_section fb_built=&#8221;1&#8243; admin_label=&#8221;section&#8221; _builder_version=&#8221;3.0.47&#8243;][et_pb_row _builder_version=&#8221;3.0.47&#8243; background_size=&#8221;initial&#8221; background_position=&#8221;top_left&#8221; background_repeat=&#8221;repeat&#8221;][et_pb_column type=&#8221;4_4&#8243; _builder_version=&#8221;3.0.47&#8243; parallax=&#8221;off&#8221; parallax_method=&#8221;on&#8221;][et_pb_post_title meta=&#8221;off&#8221; featured_image=&#8221;off&#8221; admin_label=&#8221;A propos&#8221; _builder_version=&#8221;3.0.47&#8243;][\/et_pb_post_title][\/et_pb_column][\/et_pb_row][et_pb_row _builder_version=&#8221;3.0.47&#8243; background_size=&#8221;initial&#8221; background_position=&#8221;top_left&#8221; background_repeat=&#8221;repeat&#8221;][et_pb_column type=&#8221;1_4&#8243; _builder_version=&#8221;3.0.47&#8243; parallax=&#8221;off&#8221; parallax_method=&#8221;on&#8221;][et_pb_team_member name=&#8221;Camille Delbos&#8221; position=&#8221;Photographe et r\u00e9alisateur \u2022 Bas\u00e9 \u00e0 Bruxelles&#8221; image_url=&#8221;https:\/\/camilledelbos.com\/photography\/wp-content\/uploads\/sites\/2\/2017\/08\/cd_trabzon_20150417_4560.jpg&#8221; facebook_url=&#8221;https:\/\/www.facebook.com\/delbosphoto&#8221; twitter_url=&#8221;https:\/\/twitter.com\/cam_delbos&#8221; linkedin_url=&#8221;https:\/\/fr.linkedin.com\/in\/camilledelbos&#8221; admin_label=&#8221;Photo Bio&#8221; _builder_version=&#8221;3.0.86&#8243; background_size=&#8221;initial&#8221; background_position=&#8221;top_left&#8221; background_repeat=&#8221;repeat&#8221; animation=&#8221;right&#8221;][\/et_pb_team_member][et_pb_button button_text=&#8221;T\u00e9l\u00e9charger le portfolio&#8221; button_alignment=&#8221;left&#8221; admin_label=&#8221;T\u00e9l\u00e9charger le portfolio&#8221; module_id=&#8221;portfolio_dwnld&#8221; _builder_version=&#8221;3.0.76&#8243; custom_button=&#8221;on&#8221; button_icon=&#8221;%%233%%&#8221;][\/et_pb_button][\/et_pb_column][et_pb_column type=&#8221;1_2&#8243; _builder_version=&#8221;3.0.47&#8243; parallax=&#8221;off&#8221; parallax_method=&#8221;on&#8221;][et_pb_text admin_label=&#8221;Bio&#8221; module_id=&#8221;bio&#8221; _builder_version=&#8221;3.0.69&#8243; background_size=&#8221;initial&#8221; background_position=&#8221;top_left&#8221; background_repeat=&#8221;repeat&#8221;]Photographe ind\u00e9pendant, Camille Delbos est n\u00e9 \u00e0 Nantes (France), et vit depuis 2014 de mani\u00e8re nomade. E<span style=\"font-size: 16px;\">n qu\u00eate de communaut\u00e9s en milieu recul\u00e9, il a explor\u00e9<\/span><span style=\"font-size: 16px;\">\u00a0les routes d&#8217;Asie centrale et orientale durant plus de 2ans et\u00a0a notamment pass\u00e9\u00a06 mois dans les coins recul\u00e9s du Pakistan. Grace \u00e0 sa connaissance du terrain, ses contacts locaux et son exp\u00e9rience, il invite a changer son regard sur cette r\u00e9gion du monde\u00a0en cr\u00e9ant et accompagnant\u00a0des\u00a0voyages photo et aventure.<\/span><\/p>\n<p>Il r\u00e9alise des reportages et projets photo, et collabore r\u00e9guli\u00e8rement avec des journalistes, chercheurs et anthropologues.<\/p>\n<p>Il porte un int\u00e9r\u00eat particulier \u00e0 l\u2019interaction de l\u2019Homme avec son environnement, aux paysages et cultures en mutation.<\/p>\n<p>Le storytelling visuel est central dans sa d\u00e9marche. Une mani\u00e8re pour lui de contribuer \u00e0 interpeller et sensibiliser sur les grandes questions de soci\u00e9t\u00e9.<\/p>\n<p>Parall\u00e8lement, il transmet\u00a0ses connaissances\u00a0au travers de\u00a0<span style=\"font-size: 16px;\">workshops cr\u00e9atifs et des<\/span><span style=\"font-size: 16px;\">\u00a0voyages photographiques qu&#8217;il cr\u00e9e et accompagne.<\/span><br \/>\n[\/et_pb_text][\/et_pb_column][et_pb_column type=&#8221;1_4&#8243; _builder_version=&#8221;3.0.47&#8243; parallax=&#8221;off&#8221; parallax_method=&#8221;on&#8221;][et_pb_slider _builder_version=&#8221;3.0.76&#8243; custom_padding=&#8221;|||&#8221; custom_padding_tablet=&#8221;|||&#8221; custom_padding_phone=&#8221;|||&#8221; auto=&#8221;on&#8221; auto_speed=&#8221;4000&#8243; box_shadow_style=&#8221;preset6&#8243; box_shadow_blur=&#8221;10px&#8221; box_shadow_color=&#8221;rgba(0,0,0,0.1)&#8221;][et_pb_slide heading=&#8221;National Geographic&#8221; image=&#8221;https:\/\/camilledelbos.com\/photography\/wp-content\/uploads\/sites\/2\/2016\/06\/your-shot-1.jpeg&#8221; use_bg_overlay=&#8221;off&#8221; use_text_overlay=&#8221;off&#8221; background_layout=&#8221;light&#8221; _builder_version=&#8221;3.0.76&#8243; header_font=&#8221;||||&#8221; body_font=&#8221;||||&#8221; custom_button=&#8221;off&#8221; button_icon_placement=&#8221;right&#8221; button_on_hover=&#8221;on&#8221;]&#8221;Shaving routine&#8221; publi\u00e9e au Daily Dozen National Geographic &#8211;\u00a0Mars 2016<br \/>\n[\/et_pb_slide][et_pb_slide heading=&#8221;Al Jazeera&#8221; button_link=&#8221;http:\/\/www.aljazeera.com\/indepth\/inpictures\/2017\/03\/shepherdesses-pamir-pakistan-170312094639687.html&#8221; image=&#8221;https:\/\/camilledelbos.com\/photography\/wp-content\/uploads\/sites\/2\/2017\/10\/Aljazeera-logo-English-1024&#215;768.png&#8221; use_bg_overlay=&#8221;off&#8221; use_text_overlay=&#8221;off&#8221; background_layout=&#8221;light&#8221; _builder_version=&#8221;3.0.76&#8243; header_font=&#8221;||||&#8221; body_font=&#8221;||||&#8221; custom_button=&#8221;off&#8221; button_icon_placement=&#8221;right&#8221; button_on_hover=&#8221;on&#8221;]Reportage &#8220;Les derni\u00e8res berg\u00e8res Wakhi du Pakistan&#8221; publi\u00e9 sur Al Jazeera &#8211; Oct. 2017<br \/>\n[\/et_pb_slide][et_pb_slide heading=&#8221;Neutral Density Awards&#8221; image=&#8221;https:\/\/camilledelbos.com\/photography\/wp-content\/uploads\/sites\/2\/2016\/06\/NDA2016_HM.png&#8221; use_bg_overlay=&#8221;off&#8221; use_text_overlay=&#8221;off&#8221; background_layout=&#8221;light&#8221; _builder_version=&#8221;3.0.76&#8243; header_font=&#8221;||||&#8221; body_font=&#8221;||||&#8221; custom_button=&#8221;off&#8221; button_icon_placement=&#8221;right&#8221; button_on_hover=&#8221;on&#8221;]Mention Honorable au ND Awards 2016 &#8211; Cat\u00e9gorie Portrait &#8211; Single Picture<br \/>\n[\/et_pb_slide][et_pb_slide heading=&#8221;Travel Photographer Of The Year&#8221; image=&#8221;https:\/\/camilledelbos.com\/photography\/wp-content\/uploads\/sites\/2\/2016\/06\/TPOTY_Awards_Logo_2016finalist.png&#8221; use_bg_overlay=&#8221;off&#8221; use_text_overlay=&#8221;off&#8221; background_layout=&#8221;light&#8221; _builder_version=&#8221;3.0.76&#8243; header_font=&#8221;||||&#8221; body_font=&#8221;||||&#8221; custom_button=&#8221;off&#8221; button_icon_placement=&#8221;right&#8221; button_on_hover=&#8221;on&#8221;]Finaliste au Travel Photographer Of The Year &#8211; TPOTY 2016<br \/>\nCategorie Voyages &amp; Aventures<br \/>\n[\/et_pb_slide][et_pb_slide heading=&#8221;Neutral Density Awards&#8221; image=&#8221;https:\/\/camilledelbos.com\/photography\/wp-content\/uploads\/sites\/2\/2016\/06\/NDA2016_HM.png&#8221; use_bg_overlay=&#8221;off&#8221; use_text_overlay=&#8221;off&#8221; background_layout=&#8221;light&#8221; _builder_version=&#8221;3.0.76&#8243; header_font=&#8221;||||&#8221; body_font=&#8221;||||&#8221; custom_button=&#8221;off&#8221; button_icon_placement=&#8221;right&#8221; button_on_hover=&#8221;on&#8221;]Mention Honorable au ND Awards 2016<br \/>\nCat\u00e9gorie Portrait &#8211; Series<br \/>\n[\/et_pb_slide][et_pb_slide heading=&#8221;Journal Minimal&#8221; image=&#8221;https:\/\/camilledelbos.com\/photography\/wp-content\/uploads\/sites\/2\/2016\/03\/avatar-journal_minimal-e1465151041131.png&#8221; use_bg_overlay=&#8221;off&#8221; use_text_overlay=&#8221;off&#8221; background_layout=&#8221;light&#8221; _builder_version=&#8221;3.0.76&#8243; header_font=&#8221;||||&#8221; body_font=&#8221;||||&#8221; custom_button=&#8221;off&#8221; button_icon_placement=&#8221;right&#8221; button_on_hover=&#8221;on&#8221;]Nombreuses publications pour<br \/>\nle Journal Minimal<br \/>\n[\/et_pb_slide][\/et_pb_slider][\/et_pb_column][\/et_pb_row][et_pb_row admin_label=&#8221;row&#8221; _builder_version=&#8221;3.0.47&#8243; background_size=&#8221;initial&#8221; background_position=&#8221;top_left&#8221; background_repeat=&#8221;repeat&#8221;][et_pb_column type=&#8221;4_4&#8243; _builder_version=&#8221;3.0.47&#8243; parallax=&#8221;off&#8221; parallax_method=&#8221;on&#8221;][et_pb_cta title=&#8221;Camille est disponible pour des missions partout dans le monde.&#8221; button_url=&#8221;#&#8221; button_text=&#8221;Contacter&#8221; background_color=&#8221;#72b4d9&#8243; module_id=&#8221;contact&#8221; _builder_version=&#8221;3.0.47&#8243; background_size=&#8221;initial&#8221; background_position=&#8221;top_left&#8221; background_repeat=&#8221;repeat&#8221;][\/et_pb_cta][\/et_pb_column][\/et_pb_row][et_pb_row _builder_version=&#8221;3.0.69&#8243; background_size=&#8221;initial&#8221; background_position=&#8221;top_left&#8221; background_repeat=&#8221;repeat&#8221;][et_pb_column type=&#8221;4_4&#8243; _builder_version=&#8221;3.0.47&#8243; parallax=&#8221;off&#8221; parallax_method=&#8221;on&#8221;][et_pb_text admin_label=&#8221;Publications &#038; Distinctions&#8221; _builder_version=&#8221;3.0.69&#8243; background_size=&#8221;initial&#8221; background_position=&#8221;top_left&#8221; background_repeat=&#8221;repeat&#8221;]<\/p>\n<h1 class=\"entry-title\">Publications &#038; Distinctions<\/h1>\n<p>[\/et_pb_text][\/et_pb_column][\/et_pb_row][et_pb_row admin_label=&#8221;row&#8221; _builder_version=&#8221;3.0.47&#8243; background_size=&#8221;initial&#8221; background_position=&#8221;top_left&#8221; background_repeat=&#8221;repeat&#8221;][et_pb_column type=&#8221;1_3&#8243; _builder_version=&#8221;3.0.47&#8243; parallax=&#8221;off&#8221; parallax_method=&#8221;on&#8221;][et_pb_text module_id=&#8221;awards&#8221; _builder_version=&#8221;3.0.47&#8243; background_size=&#8221;initial&#8221; background_position=&#8221;top_left&#8221; background_repeat=&#8221;repeat&#8221;]Awards<br \/>\n[\/et_pb_text][et_pb_slider _builder_version=&#8221;3.0.76&#8243; custom_padding=&#8221;|||&#8221; custom_padding_tablet=&#8221;|||&#8221; custom_padding_phone=&#8221;|||&#8221; auto=&#8221;on&#8221; auto_speed=&#8221;4000&#8243; box_shadow_style=&#8221;preset6&#8243; box_shadow_blur=&#8221;10px&#8221; box_shadow_color=&#8221;rgba(0,0,0,0.1)&#8221;][et_pb_slide heading=&#8221;National Geographic&#8221; image=&#8221;https:\/\/camilledelbos.com\/photography\/wp-content\/uploads\/sites\/2\/2016\/06\/your-shot-1.jpeg&#8221; use_bg_overlay=&#8221;off&#8221; use_text_overlay=&#8221;off&#8221; background_layout=&#8221;light&#8221; _builder_version=&#8221;3.0.76&#8243; header_font=&#8221;||||&#8221; body_font=&#8221;||||&#8221; custom_button=&#8221;off&#8221; button_icon_placement=&#8221;right&#8221; button_on_hover=&#8221;on&#8221;]&#8221;Shaving routine&#8221; publi\u00e9e au Daily Dozen National Geographic &#8211;\u00a0Mars 2016<br \/>\n[\/et_pb_slide][et_pb_slide heading=&#8221;Al Jazeera&#8221; button_link=&#8221;http:\/\/www.aljazeera.com\/indepth\/inpictures\/2017\/03\/shepherdesses-pamir-pakistan-170312094639687.html&#8221; image=&#8221;https:\/\/camilledelbos.com\/photography\/wp-content\/uploads\/sites\/2\/2017\/10\/Aljazeera-logo-English-1024&#215;768.png&#8221; use_bg_overlay=&#8221;off&#8221; use_text_overlay=&#8221;off&#8221; background_layout=&#8221;light&#8221; _builder_version=&#8221;3.0.76&#8243; header_font=&#8221;||||&#8221; body_font=&#8221;||||&#8221; custom_button=&#8221;off&#8221; button_icon_placement=&#8221;right&#8221; button_on_hover=&#8221;on&#8221;]Reportage &#8220;Les derni\u00e8res berg\u00e8res Wakhi du Pakistan&#8221; publi\u00e9 sur Al Jazeera &#8211; Oct. 2017<br \/>\n[\/et_pb_slide][et_pb_slide heading=&#8221;Neutral Density Awards&#8221; image=&#8221;https:\/\/camilledelbos.com\/photography\/wp-content\/uploads\/sites\/2\/2016\/06\/NDA2016_HM.png&#8221; use_bg_overlay=&#8221;off&#8221; use_text_overlay=&#8221;off&#8221; background_layout=&#8221;light&#8221; _builder_version=&#8221;3.0.76&#8243; header_font=&#8221;||||&#8221; body_font=&#8221;||||&#8221; custom_button=&#8221;off&#8221; button_icon_placement=&#8221;right&#8221; button_on_hover=&#8221;on&#8221;]Mention Honorable au ND Awards 2016 &#8211; Cat\u00e9gorie Portrait &#8211; Single Picture<br \/>\n[\/et_pb_slide][et_pb_slide heading=&#8221;Travel Photographer Of The Year&#8221; image=&#8221;https:\/\/camilledelbos.com\/photography\/wp-content\/uploads\/sites\/2\/2016\/06\/TPOTY_Awards_Logo_2016finalist.png&#8221; use_bg_overlay=&#8221;off&#8221; use_text_overlay=&#8221;off&#8221; background_layout=&#8221;light&#8221; _builder_version=&#8221;3.0.76&#8243; header_font=&#8221;||||&#8221; body_font=&#8221;||||&#8221; custom_button=&#8221;off&#8221; button_icon_placement=&#8221;right&#8221; button_on_hover=&#8221;on&#8221;]Finaliste au Travel Photographer Of The Year &#8211; TPOTY 2016<br \/>\nCategorie Voyages &amp; Aventures<br \/>\n[\/et_pb_slide][et_pb_slide heading=&#8221;Neutral Density Awards&#8221; image=&#8221;https:\/\/camilledelbos.com\/photography\/wp-content\/uploads\/sites\/2\/2016\/06\/NDA2016_HM.png&#8221; use_bg_overlay=&#8221;off&#8221; use_text_overlay=&#8221;off&#8221; background_layout=&#8221;light&#8221; _builder_version=&#8221;3.0.76&#8243; header_font=&#8221;||||&#8221; body_font=&#8221;||||&#8221; custom_button=&#8221;off&#8221; button_icon_placement=&#8221;right&#8221; button_on_hover=&#8221;on&#8221;]Mention Honorable au ND Awards 2016<br \/>\nCat\u00e9gorie Portrait &#8211; Series<br \/>\n[\/et_pb_slide][et_pb_slide heading=&#8221;Journal Minimal&#8221; image=&#8221;https:\/\/camilledelbos.com\/photography\/wp-content\/uploads\/sites\/2\/2016\/03\/avatar-journal_minimal-e1465151041131.png&#8221; use_bg_overlay=&#8221;off&#8221; use_text_overlay=&#8221;off&#8221; background_layout=&#8221;light&#8221; _builder_version=&#8221;3.0.76&#8243; header_font=&#8221;||||&#8221; body_font=&#8221;||||&#8221; custom_button=&#8221;off&#8221; button_icon_placement=&#8221;right&#8221; button_on_hover=&#8221;on&#8221;]Nombreuses publications pour<br \/>\nle Journal Minimal<br \/>\n[\/et_pb_slide][\/et_pb_slider][\/et_pb_column][et_pb_column type=&#8221;2_3&#8243; _builder_version=&#8221;3.0.47&#8243; parallax=&#8221;off&#8221; parallax_method=&#8221;on&#8221;][et_pb_text module_id=&#8221;press&#8221; _builder_version=&#8221;3.0.47&#8243; background_size=&#8221;initial&#8221; background_position=&#8221;top_left&#8221; background_repeat=&#8221;repeat&#8221;]Publications<br \/>\n[\/et_pb_text][et_pb_text _builder_version=&#8221;3.0.47&#8243; background_size=&#8221;initial&#8221; background_position=&#8221;top_left&#8221; background_repeat=&#8221;repeat&#8221;]Stories \/ Photo-reportages<br \/>\nJuin 03, 2016 \u2022 Lentement mais s\u00fbrement, Islamabad fait sa v\u00e9lorution \u2022 Photoreport<br \/>\nFevrier 04, 2016 \u2022 Ce libraire tokyo\u00efte ne vend qu\u2019un livre | This Tokyo&#8217;s Bookselle sells onely one book \u2022 Story<br \/>\nDecembere 15, 2015 \u2022 Voyage onirique \u00e0 Kyoto, au rythme du k\u014dy\u014d \u2022 Story<br \/>\nNovembre 04, 2015 \u2022 Parenth\u00e8se initiatique au c\u0153ur des montagnes du Pamir \u2022 Story<br \/>\n[\/et_pb_text][et_pb_text module_id=&#8221;assignments&#8221; _builder_version=&#8221;3.0.47&#8243; background_size=&#8221;initial&#8221; background_position=&#8221;top_left&#8221; background_repeat=&#8221;repeat&#8221;][\/et_pb_text][et_pb_text module_id=&#8221;assignments&#8221; _builder_version=&#8221;3.0.47&#8243; background_size=&#8221;initial&#8221; background_position=&#8221;top_left&#8221; background_repeat=&#8221;repeat&#8221;]Missions<\/p>\n<p>Photographies \/ Videos<br \/>\nL&#8217;\u00eelot des Combes, Le Creusot (France) &#8211; ONG Micro-ferme en permaculture d\u00e9di\u00e9 au changement de comportement alimentaire<br \/>\nRealisation, \u00e9dition et publication d&#8217;une serie de video pour une campagne de crowdfunding<br \/>\nPhotographie du l&#8217;environnement , des volontaires et salari\u00e9s pour promouvoir le projet au donateurs<\/p>\n<p>Videos \/ Photoreportages<br \/>\nTwilling Tweeds, Edimbourg (Ecosse) &#8211; Entreprise sociale promouvant des produits artisanaux issus de communaut\u00e9s isol\u00e9es<br \/>\nRealisation d&#8217;une s\u00e9rie de courts m\u00e9trages sur la broderie traditionnelle et les textiles de Chitral (Pakistan)<br \/>\nDocumentation visuelle et sonore en partenariat avec les communaut\u00e9s locales dans les diff\u00e9rents villages du nord du Pakistan &#8211; Photos, videos et prises son de r\u00e9cits locaux et des savoirs faire dans leur environnement naturel<br \/>\n[\/et_pb_text][\/et_pb_column][\/et_pb_row][\/et_pb_section][et_pb_section fb_built=&#8221;1&#8243; disabled_on=&#8221;on|on|on&#8221; admin_label=&#8221;Bloc Work With me&#8221; _builder_version=&#8221;3.0.106&#8243;][et_pb_row _builder_version=&#8221;3.0.106&#8243;][et_pb_column type=&#8221;4_4&#8243; _builder_version=&#8221;3.0.106&#8243; parallax=&#8221;off&#8221; parallax_method=&#8221;on&#8221;][et_pb_text admin_label=&#8221;Publications &#038; Distinctions&#8221; _builder_version=&#8221;3.0.69&#8243; background_size=&#8221;initial&#8221; background_position=&#8221;top_left&#8221; background_repeat=&#8221;repeat&#8221;]<\/p>\n<h1 class=\"entry-title\">Travailler avec moi<\/h1>\n<p>[\/et_pb_text][\/et_pb_column][\/et_pb_row][et_pb_row _builder_version=&#8221;3.0.106&#8243;][et_pb_column type=&#8221;1_3&#8243; _builder_version=&#8221;3.0.106&#8243; parallax=&#8221;off&#8221; parallax_method=&#8221;on&#8221;][\/et_pb_column][et_pb_column type=&#8221;1_3&#8243; _builder_version=&#8221;3.0.106&#8243; parallax=&#8221;off&#8221; parallax_method=&#8221;on&#8221;][\/et_pb_column][et_pb_column type=&#8221;1_3&#8243; _builder_version=&#8221;3.0.106&#8243; parallax=&#8221;off&#8221; parallax_method=&#8221;on&#8221;][\/et_pb_column][\/et_pb_row][\/et_pb_section][et_pb_section fb_built=&#8221;1&#8243; admin_label=&#8221;Bloc Mosa\u00efque Client Publi&#8221; _builder_version=&#8221;3.0.106&#8243;][et_pb_row make_fullwidth=&#8221;on&#8221; use_custom_gutter=&#8221;on&#8221; gutter_width=&#8221;1&#8243; custom_padding=&#8221;0px|10px|0px|10px&#8221; admin_label=&#8221;Raw Mosa\u00efque&#8221; _builder_version=&#8221;3.0.106&#8243;][et_pb_column type=&#8221;4_4&#8243; _builder_version=&#8221;3.0.106&#8243; parallax=&#8221;off&#8221; parallax_method=&#8221;on&#8221;][et_pb_text admin_label=&#8221;Publications &#038; Distinctions&#8221; _builder_version=&#8221;3.0.69&#8243; background_size=&#8221;initial&#8221; background_position=&#8221;top_left&#8221; background_repeat=&#8221;repeat&#8221;]<\/p>\n<h1 class=\"entry-title\">Client &#038; Partenaires<\/h1>\n<p>[\/et_pb_text][et_pb_gallery gallery_ids=&#8221;32418,32419,32408,32411,32413,32422,32427,32420,32409,32440,32424,32432,32423,32431,32433&#8243; gallery_captions=&#8221;,,,,,,,,,,,,,,&#8221; posts_number=&#8221;30&#8243; show_title_and_caption=&#8221;off&#8221; show_pagination=&#8221;off&#8221; _builder_version=&#8221;3.0.106&#8243; title_font=&#8221;||||||||&#8221; module_alignment=&#8221;center&#8221; custom_margin=&#8221;|||&#8221; custom_padding=&#8221;|||&#8221; custom_css_gallery_item=&#8221;margin: 2px !important;||width: 19% !important;||clear: none !important;||&#8221; zoom_icon_color=&#8221;rgba(255,255,255,0)&#8221; hover_overlay_color=&#8221;rgba(255,255,255,0)&#8221;][\/et_pb_gallery][\/et_pb_column][\/et_pb_row][\/et_pb_section]<\/p>\n","protected":false},"excerpt":{"rendered":"<p>Photographe ind\u00e9pendant, Camille Delbos est n\u00e9 \u00e0 Nantes (France), et vit depuis 2014 de mani\u00e8re nomade. En qu\u00eate de communaut\u00e9s en milieu recul\u00e9, il a explor\u00e9\u00a0les routes d&#8217;Asie centrale et orientale durant plus de 2ans et\u00a0a notamment pass\u00e9\u00a06 mois dans les coins recul\u00e9s du Pakistan. Grace \u00e0 sa connaissance du terrain, ses contacts locaux et [&hellip;]<\/p>\n","protected":false},"author":1,"featured_media":0,"parent":0,"menu_order":0,"comment_status":"closed","ping_status":"closed","template":"","meta":{"_et_pb_use_builder":"on","_et_pb_old_content":"","_et_gb_content_width":"","footnotes":""},"class_list":["post-1536","page","type-page","status-publish","hentry"],"_links":{"self":[{"href":"https:\/\/camilledelbos.com\/photography\/wp-json\/wp\/v2\/pages\/1536","targetHints":{"allow":["GET"]}}],"collection":[{"href":"https:\/\/camilledelbos.com\/photography\/wp-json\/wp\/v2\/pages"}],"about":[{"href":"https:\/\/camilledelbos.com\/photography\/wp-json\/wp\/v2\/types\/page"}],"author":[{"embeddable":true,"href":"https:\/\/camilledelbos.com\/photography\/wp-json\/wp\/v2\/users\/1"}],"replies":[{"embeddable":true,"href":"https:\/\/camilledelbos.com\/photography\/wp-json\/wp\/v2\/comments?post=1536"}],"version-history":[{"count":30,"href":"https:\/\/camilledelbos.com\/photography\/wp-json\/wp\/v2\/pages\/1536\/revisions"}],"predecessor-version":[{"id":32448,"href":"https:\/\/camilledelbos.com\/photography\/wp-json\/wp\/v2\/pages\/1536\/revisions\/32448"}],"wp:attachment":[{"href":"https:\/\/camilledelbos.com\/photography\/wp-json\/wp\/v2\/media?parent=1536"}],"curies":[{"name":"wp","href":"https:\/\/api.w.org\/{rel}","templated":true}]}}